{"id":7566,"date":"2024-07-03T14:38:20","date_gmt":"2024-07-03T14:38:20","guid":{"rendered":"https:\/\/storytic.upf.edu\/?page_id=7566"},"modified":"2024-12-03T13:31:52","modified_gmt":"2024-12-03T13:31:52","slug":"individual-sessio-4-final-02","status":"publish","type":"page","link":"https:\/\/storytic.upf.edu\/en\/individual-sessio-4-final\/individual-sessio-4-final-02\/","title":{"rendered":"INDIVIDUAL \u2013 SESSI\u00d3 4 \u2013 FINAL 02"},"content":{"rendered":"<p>[et_pb_section fb_built=&#8221;1&#8243; module_class=&#8221;no_docent_header_on_tablet&#8221; _builder_version=&#8221;4.23.4&#8243; _module_preset=&#8221;default&#8221; background_color=&#8221;#fadc50&#8243; use_background_color_gradient=&#8221;on&#8221; background_color_gradient_stops=&#8221;#ffffff 0%|#fadc50 81%|#fadc50 100%&#8221; min_height=&#8221;966.5px&#8221; height=&#8221;1253px&#8221; custom_padding=&#8221;30px||||false|false&#8221; custom_css_free_form=&#8221;@media all and (min-width: 768px) and (max-width: 1024px) {||.no_docent_header_on_tablet  {||  padding-top:56px!important;||}||}&#8221; collapsed=&#8221;off&#8221; global_colors_info=&#8221;{}&#8221;][et_pb_row column_structure=&#8221;1_5,3_5,1_5&#8243; _builder_version=&#8221;4.23.4&#8243; _module_preset=&#8221;default&#8221; z_index=&#8221;5&#8243; width=&#8221;100%&#8221; max_width=&#8221;2560px&#8221; module_alignment=&#8221;center&#8221; height=&#8221;60px&#8221; custom_margin=&#8221;0px|0px|0px|0px|true|true&#8221; custom_padding=&#8221;33px|0px|33px|0px|true|true&#8221; global_colors_info=&#8221;{}&#8221;][et_pb_column type=&#8221;1_5&#8243; _builder_version=&#8221;4.23.4&#8243; _module_preset=&#8221;default&#8221; global_colors_info=&#8221;{}&#8221;][et_pb_blurb title=&#8221;TERAPEUTA&#8221; image=&#8221;https:\/\/storytic.upf.edu\/wp-content\/uploads\/2024\/03\/ic-docent-terapeuta-1-1.png&#8221; icon_placement=&#8221;left&#8221; image_icon_width=&#8221;80px&#8221; content_max_width_tablet=&#8221;100%&#8221; content_max_width_phone=&#8221;100%&#8221; content_max_width_last_edited=&#8221;on|tablet&#8221; _builder_version=&#8221;4.23.4&#8243; _module_preset=&#8221;default&#8221; header_font=&#8221;|||on|||||&#8221; header_text_align=&#8221;left&#8221; header_text_color=&#8221;#1A554E&#8221; header_font_size=&#8221;22px&#8221; body_font=&#8221;Montserrat||||||||&#8221; body_text_align=&#8221;left&#8221; body_text_color=&#8221;#FADC50&#8243; body_font_size=&#8221;20px&#8221; image_icon_custom_margin=&#8221;-20px||||false|false&#8221; image_icon_custom_padding=&#8221;||||false|false&#8221; positioning=&#8221;absolute&#8221; z_index=&#8221;12&#8243; position_origin_a_tablet=&#8221;&#8221; position_origin_a_phone=&#8221;&#8221; position_origin_a_last_edited=&#8221;on|desktop&#8221; position_origin_f_tablet=&#8221;&#8221; position_origin_f_phone=&#8221;&#8221; position_origin_f_last_edited=&#8221;on|desktop&#8221; position_origin_r_tablet=&#8221;&#8221; position_origin_r_phone=&#8221;&#8221; position_origin_r_last_edited=&#8221;on|desktop&#8221; width=&#8221;100%&#8221; custom_margin=&#8221;|||10px|false|false&#8221; positioning_tablet=&#8221;none&#8221; positioning_phone=&#8221;none&#8221; positioning_last_edited=&#8221;on|tablet&#8221; custom_css_free_form=&#8221;.caja_1 {||  background-color: #1a554e;||  padding: 15px 20px 15px 20px;||  margin-top: -10px;||  margin-left: -76px;||  border-radius:15px;||  width: 250px;||  z-index: 1;||}||@media all and (min-width: 2000px) {|| .caja_1 {||  background-color: #1a554e;||  padding: 15px 20px 15px 20px;||  margin-top: -10px;||  margin-left: -76px;||  border-radius:15px;||  width: 120%;||  z-index: 1;||}||  .scrollable_text{||   font-size: 25px!important;||  }||}||.scrollable_text{||   font-size: 20px!important;||}||@media all and (min-width: 1024px) and (max-width: 1366px) {|| .caja_1 {||  background-color: #1a554e;||  padding: 15px 20px 15px 20px;||  margin-top: -10px;||  margin-left: -76px;||  border-radius:15px;||  width: 220px!important;||  z-index: 1;||}||  .scrollable_text{||   font-size: 16px!important;||  }||}||@media all and (max-width: 980px) {|| .caja_1 {||  background-color: #1a554e;||  padding: 15px 20px 15px 20px;||  margin-top: -10px;||  margin-left: -76px;||  border-radius:15px;||  width: 90%;||  z-index: 1;||}||  .scrollable_text{||   font-size: 16px!important;||  }||}||close-button-white{||  margin-bottom:10px!important;||  margin-right:5px!important; ||  padding:0px!important;||  color:#ffffff!important;||}&#8221; locked=&#8221;off&#8221; global_colors_info=&#8221;{}&#8221;]<\/p>\n<div id=\"reveal_docent\" class=\"caja_1\">\n<p class=\"rv-button2 opened close-button-white\" style=\"text-align: right; padding: 0px!important;\"><span style=\"color: #ffffff;\">x<\/span><\/p>\n<div class=\"scrollable_text\">\n<p><span style=\"color: #ffffff;\">Session ended.<\/span><span style=\"color: #ffffff;\"><\/span><\/p>\n<p><span style=\"color: #ffffff;\">If you want, you can also implement complementary assessment activities.<\/span><\/p>\n<p><span style=\"color: #ffffff;\"><span>You can download the answer sheet<\/span> <span>which you will find on the right.<\/span><\/span><\/p>\n<\/div>\n<\/div>\n<p>[\/et_pb_blurb][\/et_pb_column][et_pb_column type=&#8221;3_5&#8243; _builder_version=&#8221;4.23.4&#8243; _module_preset=&#8221;default&#8221; global_colors_info=&#8221;{}&#8221;][et_pb_heading title=&#8221;Fi de la sessi\u00f3&#8221; module_id=&#8221;final_header&#8221; _builder_version=&#8221;4.23.4&#8243; _module_preset=&#8221;default&#8221; title_level=&#8221;h2&#8243; title_font=&#8221;|||on|||||&#8221; title_text_align=&#8221;center&#8221; title_text_color=&#8221;#1a554e&#8221; title_font_size=&#8221;24px&#8221; custom_margin=&#8221;0px|0px|0px|0px|true|true&#8221; custom_padding=&#8221;0px|0px|0px|0px|true|true&#8221; custom_css_free_form=&#8221;@media all and (min-width: 1260px) {||#final_header {||    margin-top: 15px!important;||}||}&#8221; global_colors_info=&#8221;{}&#8221;][\/et_pb_heading][\/et_pb_column][et_pb_column type=&#8221;1_5&#8243; _builder_version=&#8221;4.23.4&#8243; _module_preset=&#8221;default&#8221; global_colors_info=&#8221;{}&#8221;][\/et_pb_column][\/et_pb_row][et_pb_row column_structure=&#8221;1_4,1_4,1_4,1_4&#8243; use_custom_gutter=&#8221;on&#8221; gutter_width=&#8221;2&#8243; make_equal=&#8221;on&#8221; _builder_version=&#8221;4.23.4&#8243; _module_preset=&#8221;default&#8221; z_index=&#8221;1&#8243; width=&#8221;100%&#8221; max_width=&#8221;2560px&#8221; custom_css_free_form=&#8221;.et_pb_row_1.et_pb_row {||    padding-top: 3px!important;||    padding-left: 30px!important;||    padding-right: 0px!important;||    padding-bottom: 0px!important;||    margin-bottom: 20px!important;||}&#8221; global_colors_info=&#8221;{}&#8221;][et_pb_column type=&#8221;1_4&#8243; _builder_version=&#8221;4.23.4&#8243; _module_preset=&#8221;default&#8221; global_colors_info=&#8221;{}&#8221;][\/et_pb_column][et_pb_column type=&#8221;1_4&#8243; _builder_version=&#8221;4.23.4&#8243; _module_preset=&#8221;default&#8221; custom_padding=&#8221;||||false|false&#8221; custom_css_free_form=&#8221;@media all and (min-width: 1024px) and (max-width: 1200px) {||    .et_pb_column_4{||    min-width: 28%!important;||    max-width: 30%!important;||  }||}&#8221; global_colors_info=&#8221;{}&#8221;][et_pb_blurb title=&#8221;En Meloix i els pl\u00e0tans  &#8211; 3 sessions&#8221; icon_placement=&#8221;left&#8221; admin_label=&#8221;Blurb&#8221; _builder_version=&#8221;4.23.4&#8243; _module_preset=&#8221;default&#8221; header_font=&#8221;Montserrat||||||||&#8221; header_text_color=&#8221;#1A554E&#8221; body_font=&#8221;Montserrat||||||||&#8221; body_text_align=&#8221;left&#8221; body_text_color=&#8221;#1A554E&#8221; body_font_size=&#8221;20px&#8221; body_line_height=&#8221;1em&#8221; body_ul_type=&#8221;none&#8221; body_ul_item_indent=&#8221;22px&#8221; background_color=&#8221;#D8DCC4&#8243; module_alignment=&#8221;center&#8221; custom_padding=&#8221;20px|10px|20px|10px|true|true&#8221; hover_enabled=&#8221;0&#8243; custom_css_free_form=&#8221;.checked {||  list-style: square inside url(%22https:\/\/storytic.upf.edu\/wp-content\/uploads\/2024\/04\/chec_24.png%22);||  margin-top:5px;||  font-size: 16px;||  text-indent:-20px;||}||.unchecked {||   list-style: square inside url(%22https:\/\/storytic.upf.edu\/wp-content\/uploads\/2024\/04\/chec_24_semitransparent.png%22);||  \tmargin-top:5px;||    font-size: 16px;||    text-indent:-20px;||} ||.checked_list{||  margin-bottom: 0px!important;||  padding-bottom: 0px!important;||}||.button_style {||  font-size: 16px;||\tcolor:#fadc50;||  font-family:&#8217;Montserrat&#8217;;||  font-weight:500;||  text-transform: uppercase;||  text-decoration: none!important;||  text-decoration-color: transparent;||}||.button_wrapper{||  width:240px!important;||  background-color: #1a554e;||  border-radius: 15px!important;||  padding: 15px 30px;||  text-align: center;||}||@media all and (min-width: 768px) and (max-width: 1023px) {||  .et_pb_blurb_1 {||    max-width: 300px!important;||  }||  .et_pb_column_7{||    max-width: 50%!important;||  }||}&#8221; border_radii=&#8221;on|20px|20px|20px|20px&#8221; border_color_all=&#8221;RGBA(255,255,255,0)&#8221; locked=&#8221;off&#8221; global_colors_info=&#8221;{}&#8221; sticky_enabled=&#8221;0&#8243;]<\/p>\n<ul class=\"checked_list\">\n<li class=\"checked\"><span>Session 4. <strong>Finished<\/strong><\/span><\/li>\n<li class=\"unchecked\"><span style=\"opacity: 1.0!important;\">Session 5. <a href=\"https:\/\/storytic.upf.edu\/en\/individual-sessio-5-elconte\/individual-sessio-5-conte-01\/\"><span style=\"text-decoration: underline;\">Do now<\/span><\/a><\/span><\/li>\n<li class=\"unchecked\"><span>Session 6.<\/span><\/li>\n<\/ul>\n<p><a class=\"button_style\" href=\"https:\/\/storytic.upf.edu\/en\/storytic-individual\/\"><\/p>\n<div class=\"button_wrapper\"><span class=\"button_style\">Exit the session<\/span><\/div>\n<p><\/a>[\/et_pb_blurb][\/et_pb_column][et_pb_column type=&#8221;1_4&#8243; _builder_version=&#8221;4.23.4&#8243; _module_preset=&#8221;default&#8221; custom_css_free_form=&#8221;@media all and (min-width: 1024px) and (max-width: 1200px) {||    .et_pb_column_5{||    min-width: 28%!important;||    max-width: 30%!important;||  }||}&#8221; global_colors_info=&#8221;{}&#8221;][et_pb_blurb title=&#8221;Avaluaci\u00f3 d&#8217;aquesta sessi\u00f3&#8221; _builder_version=&#8221;4.23.4&#8243; _module_preset=&#8221;default&#8221; header_text_color=&#8221;#1A554E&#8221; body_font=&#8221;Montserrat||||||||&#8221; body_text_color=&#8221;#1A554E&#8221; background_color=&#8221;#ffffff&#8221; custom_padding=&#8221;20px|20px|20px|20px|true|true&#8221; hover_enabled=&#8221;0&#8243; custom_css_free_form=&#8221;.download {||  margin-top:25px;||  display: flex; ||  justify-content: flex-start;||  align-items: flex-start;||}||.doc_details {||  display: flex; ||\talign-items: flex-start;||  justify-content: center;||  flex-direction: column;||  padding-left: 10px;||}||.doc_description {||  font-weight: 700;||  padding-bottom: 0px!important;||  margin-bottom: 0px!important;||}||||.link_style {||  color: #1A554E;||}||||.rv-button3, .rv-button {||    text-decoration: underline;||    cursor: pointer;||  \tfont-size: 14px;||}||.button_wrapper2{||  width:237px!important;||  background-color: #1a554e;||  border-radius: 15px!important;||  padding: 15px 30px;||  text-align: center;||}||@media all and (min-width: 768px) and (max-width: 1023px) {||  .et_pb_blurb_2 {||    max-width: 300px!important;||  }||  .et_pb_column_8{||    max-width: 50%!important;||  }||}&#8221; border_radii=&#8221;on|20px|20px|20px|20px&#8221; border_color_all=&#8221;RGBA(255,255,255,0)&#8221; global_colors_info=&#8221;{}&#8221; sticky_enabled=&#8221;0&#8243;]<\/p>\n<div>In order to monitor the child and how he is learning, we have developed learning measures that can be applied after each intervention session.<\/div>\n<p><span class=\"rv-button closed\">More information<\/span><\/p>\n<div id=\"reveal\">These learning measures include three different activities to assess the child's narrative comprehension and production:<\/p>\n<ol>\n<li>The first activity assesses children's ability to correctly order a sequence of images that represent the story that has been trained during the session.<\/li>\n<li>The second activity assesses the children's ability to retell the story.<\/li>\n<li>The third activity assesses children's ability to answer questions about the different narrative elements that have been trained during the session. In this third activity, the questions can be formulated with different supports (open question, question with 2 options or question with 2 options plus visual support), depending on the child's needs.<\/li>\n<\/ol>\n<\/div>\n<div><a class=\"button_style\" href=\"https:\/\/storytic.upf.edu\/en\/avaluacio-sessio-4-presentacio\/avaluacio-sessio-4-presentacio-01\/\"><\/p>\n<div class=\"button_wrapper2\"><span class=\"button_style\">Start evaluation<\/span><\/div>\n<p><\/a><\/div>\n<div class=\"download\">\n<img decoding=\"async\" src=\"https:\/\/storytic.upf.edu\/wp-content\/uploads\/2024\/03\/ic-descarga-archivo@2x.png\" height=\"61px\" width=\"47px\" alt=\"Full de responsta individual\" \/><\/p>\n<div class=\"doc_details\">\n<div><span class=\"doc_description\">Individual answer sheet<\/span><\/div>\n<div><span style=\"text-decoration: underline;\"> <a href=\"https:\/\/storytic.upf.edu\/wp-content\/uploads\/2024\/06\/sessio-u_4.docx\" download=\"sessio u_4\" class=\"link_style\">Download<\/a><\/span><\/div>\n<div><span class=\"rv-button3 closed\">What is it<\/span><\/div>\n<div id=\"reveal_que_es\"><strong>Answer sheet<\/strong><br \/>\nOn this sheet you can record your answers to keep track of supplementary assessment activities.<\/div>\n<\/div>\n<\/div>\n<p>[\/et_pb_blurb][et_pb_code admin_label=&#8221;Code&#8221; _builder_version=&#8221;4.23.4&#8243; _module_preset=&#8221;default&#8221; global_colors_info=&#8221;{}&#8221;]<script type=\"text\/javascript\"><!-- [et_pb_line_break_holder] -->jQuery(document).ready(function() {<!-- [et_pb_line_break_holder] -->jQuery('#reveal').hide();<!-- [et_pb_line_break_holder] -->jQuery('#reveal_que_es').hide();<!-- [et_pb_line_break_holder] -->jQuery('.rv-button').click(function(e){<!-- [et_pb_line_break_holder] -->e.preventDefault();jQuery(\"#reveal\").slideToggle();jQuery(\"#reveal2\").slideToggle();<!-- [et_pb_line_break_holder] -->jQuery('.rv-button').toggleClass('opened closed');<!-- [et_pb_line_break_holder] -->});<!-- [et_pb_line_break_holder] -->});<!-- [et_pb_line_break_holder] -->  <!-- [et_pb_line_break_holder] -->jQuery('.rv-button2').click(function(e2){<!-- [et_pb_line_break_holder] -->e2.preventDefault();jQuery(\"#reveal_docent\").slideToggle();<!-- [et_pb_line_break_holder] -->jQuery('.rv-button2').toggleClass('opened closed');<!-- [et_pb_line_break_holder] -->});<!-- [et_pb_line_break_holder] --><!-- [et_pb_line_break_holder] -->jQuery('.rv-button3').click(function(e3){<!-- [et_pb_line_break_holder] -->e3.preventDefault();jQuery(\"#reveal_que_es\").slideToggle();<!-- [et_pb_line_break_holder] -->jQuery('.rv-button3').toggleClass('opened closed');<!-- [et_pb_line_break_holder] -->});<!-- [et_pb_line_break_holder] --><\/script>[\/et_pb_code][\/et_pb_column][et_pb_column type=&#8221;1_4&#8243; disabled_on=&#8221;off|on|off&#8221; _builder_version=&#8221;4.23.4&#8243; _module_preset=&#8221;default&#8221; custom_css_free_form=&#8221;@media all and (min-width: 1024px) and (max-width: 1200px) {||    .et_pb_column_6{||    max-width: 10%!important;||  }||}&#8221; global_colors_info=&#8221;{}&#8221;][\/et_pb_column][\/et_pb_row][et_pb_row column_structure=&#8221;1_6,1_6,1_6,1_6,1_6,1_6&#8243; _builder_version=&#8221;4.23.4&#8243; _module_preset=&#8221;default&#8221; positioning=&#8221;fixed&#8221; position_origin_f=&#8221;bottom_center&#8221; z_index=&#8221;20&#8243; width=&#8221;90%&#8221; max_width=&#8221;2560px&#8221; height=&#8221;60px&#8221; custom_margin=&#8221;||20px||false|false&#8221; custom_padding=&#8221;3px|15px|0px||false|false&#8221; locked=&#8221;off&#8221; global_colors_info=&#8221;{}&#8221;][et_pb_column type=&#8221;1_6&#8243; _builder_version=&#8221;4.23.4&#8243; _module_preset=&#8221;default&#8221; global_colors_info=&#8221;{}&#8221;][et_pb_icon font_icon=&#8221;&#x34;||divi||400&#8243; icon_color=&#8221;#fadc50&#8243; icon_width=&#8221;32px&#8221; url=&#8221;https:\/\/storytic.upf.edu\/individual-sessio-4-final\/individual-sessio-4-final-01\/&#8221; _builder_version=&#8221;4.23.4&#8243; _module_preset=&#8221;default&#8221; background_color=&#8221;#1a554e&#8221; custom_padding=&#8221;10px|20px|10px|15px|true|false&#8221; border_radii=&#8221;on|10px|10px|10px|10px&#8221; global_colors_info=&#8221;{}&#8221;][\/et_pb_icon][\/et_pb_column][et_pb_column type=&#8221;1_6&#8243; disabled_on=&#8221;off|on|off&#8221; _builder_version=&#8221;4.23.4&#8243; _module_preset=&#8221;default&#8221; global_colors_info=&#8221;{}&#8221;][\/et_pb_column][et_pb_column type=&#8221;1_6&#8243; disabled_on=&#8221;off|on|off&#8221; _builder_version=&#8221;4.23.4&#8243; _module_preset=&#8221;default&#8221; global_colors_info=&#8221;{}&#8221;][\/et_pb_column][et_pb_column type=&#8221;1_6&#8243; disabled_on=&#8221;off|on|off&#8221; _builder_version=&#8221;4.23.4&#8243; _module_preset=&#8221;default&#8221; global_colors_info=&#8221;{}&#8221;][\/et_pb_column][et_pb_column type=&#8221;1_6&#8243; _builder_version=&#8221;4.23.4&#8243; _module_preset=&#8221;default&#8221; global_colors_info=&#8221;{}&#8221;][et_pb_icon font_icon=&#8221;&#x34;||divi||400&#8243; icon_color=&#8221;RGBA(255,255,255,0)&#8221; icon_width=&#8221;32px&#8221; _builder_version=&#8221;4.23.4&#8243; _module_preset=&#8221;default&#8221; background_color=&#8221;RGBA(255,255,255,0)&#8221; custom_padding=&#8221;10px|20px|10px|15px|true|false&#8221; border_radii=&#8221;on|10px|10px|10px|10px&#8221; locked=&#8221;off&#8221; global_colors_info=&#8221;{}&#8221;][\/et_pb_icon][\/et_pb_column][et_pb_column type=&#8221;1_6&#8243; _builder_version=&#8221;4.23.4&#8243; _module_preset=&#8221;default&#8221; global_colors_info=&#8221;{}&#8221;][et_pb_icon font_icon=&#8221;&#x34;||divi||400&#8243; icon_color=&#8221;RGBA(255,255,255,0)&#8221; icon_width=&#8221;32px&#8221; _builder_version=&#8221;4.23.4&#8243; _module_preset=&#8221;default&#8221; background_color=&#8221;RGBA(255,255,255,0)&#8221; custom_padding=&#8221;10px|20px|10px|15px|true|false&#8221; border_radii=&#8221;on|10px|10px|10px|10px&#8221; locked=&#8221;off&#8221; global_colors_info=&#8221;{}&#8221;][\/et_pb_icon][\/et_pb_column][\/et_pb_row][\/et_pb_section]<\/p>","protected":false},"excerpt":{"rendered":"<p>x Sessi\u00f3 finalitzada. Si vols, tamb\u00e9 pots fer activitats d&#8217;avaluaci\u00f3 complement\u00e0ria. Pots descarregar el full de resposta que trobar\u00e0s a la dreta. Sessi\u00f3 4. Realitzada Sessi\u00f3 5. Fer ara Sessi\u00f3 6. Sortir de la sessi\u00f3Per tal de fer un seguiment de l&#8217;infant i de com va aprenent hem desenvolupat unes mesures d&#8217;aprenentatge que es poden [&hellip;]<\/p>","protected":false},"author":3,"featured_media":0,"parent":7562,"menu_order":0,"comment_status":"closed","ping_status":"closed","template":"","meta":{"_et_pb_use_builder":"on","_et_pb_old_content":"","_et_gb_content_width":"","footnotes":""},"class_list":["post-7566","page","type-page","status-publish","hentry"],"_links":{"self":[{"href":"https:\/\/storytic.upf.edu\/en\/wp-json\/wp\/v2\/pages\/7566","targetHints":{"allow":["GET"]}}],"collection":[{"href":"https:\/\/storytic.upf.edu\/en\/wp-json\/wp\/v2\/pages"}],"about":[{"href":"https:\/\/storytic.upf.edu\/en\/wp-json\/wp\/v2\/types\/page"}],"author":[{"embeddable":true,"href":"https:\/\/storytic.upf.edu\/en\/wp-json\/wp\/v2\/users\/3"}],"replies":[{"embeddable":true,"href":"https:\/\/storytic.upf.edu\/en\/wp-json\/wp\/v2\/comments?post=7566"}],"version-history":[{"count":8,"href":"https:\/\/storytic.upf.edu\/en\/wp-json\/wp\/v2\/pages\/7566\/revisions"}],"predecessor-version":[{"id":10614,"href":"https:\/\/storytic.upf.edu\/en\/wp-json\/wp\/v2\/pages\/7566\/revisions\/10614"}],"up":[{"embeddable":true,"href":"https:\/\/storytic.upf.edu\/en\/wp-json\/wp\/v2\/pages\/7562"}],"wp:attachment":[{"href":"https:\/\/storytic.upf.edu\/en\/wp-json\/wp\/v2\/media?parent=7566"}],"curies":[{"name":"wp","href":"https:\/\/api.w.org\/{rel}","templated":true}]}}