{"id":8108,"date":"2024-07-09T12:51:59","date_gmt":"2024-07-09T12:51:59","guid":{"rendered":"https:\/\/storytic.upf.edu\/?page_id=8108"},"modified":"2024-07-10T19:01:17","modified_gmt":"2024-07-10T19:01:17","slug":"individual-sessio-5-exercici-01","status":"publish","type":"page","link":"https:\/\/storytic.upf.edu\/en\/individual-sessio-5-exercici\/individual-sessio-5-exercici-01\/","title":{"rendered":"INDIVIDUAL &#8211; SESSI\u00d3 5 &#8211; EXERCICI 01"},"content":{"rendered":"<p>[et_pb_section fb_built=&#8221;1&#8243; _builder_version=&#8221;4.23.4&#8243; _module_preset=&#8221;default&#8221; background_color=&#8221;#fadc50&#8243; use_background_color_gradient=&#8221;on&#8221; background_color_gradient_stops=&#8221;#ffffff 0%|#fadc50 81%|#fadc50 100%&#8221; min_height=&#8221;966.5px&#8221; height=&#8221;1253px&#8221; collapsed=&#8221;off&#8221; global_colors_info=&#8221;{}&#8221;][et_pb_row column_structure=&#8221;1_3,1_3,1_3&#8243; _builder_version=&#8221;4.23.4&#8243; _module_preset=&#8221;default&#8221; z_index=&#8221;5&#8243; width=&#8221;100%&#8221; max_width=&#8221;2560px&#8221; module_alignment=&#8221;center&#8221; global_colors_info=&#8221;{}&#8221;][et_pb_column type=&#8221;1_3&#8243; _builder_version=&#8221;4.23.4&#8243; _module_preset=&#8221;default&#8221; global_colors_info=&#8221;{}&#8221;][et_pb_blurb title=&#8221;TERAPEUTA&#8221; image=&#8221;https:\/\/storytic.upf.edu\/wp-content\/uploads\/2024\/03\/ic-docent-terapeuta-1-1.png&#8221; icon_placement=&#8221;left&#8221; image_icon_width=&#8221;80px&#8221; content_max_width_tablet=&#8221;100%&#8221; content_max_width_phone=&#8221;100%&#8221; content_max_width_last_edited=&#8221;on|tablet&#8221; _builder_version=&#8221;4.23.4&#8243; _module_preset=&#8221;default&#8221; header_font=&#8221;|||on|||||&#8221; header_text_align=&#8221;left&#8221; header_text_color=&#8221;#1A554E&#8221; header_font_size=&#8221;22px&#8221; body_text_align=&#8221;left&#8221; body_text_color=&#8221;#FADC50&#8243; body_font_size=&#8221;20px&#8221; image_icon_custom_margin=&#8221;-20px||||false|false&#8221; image_icon_custom_padding=&#8221;||||false|false&#8221; z_index=&#8221;12&#8243; module_alignment=&#8221;left&#8221; custom_margin=&#8221;|||10px|false|false&#8221; custom_css_free_form=&#8221;.caja_1 {||  background-color: #1a554e;||  padding: 15px 20px 15px 20px;||  margin-top: -10px;||  margin-left: -76px;||  border-radius: 15px;||  width: 110%;||  height: 100% !important;||  max-height: 360px !important;||  z-index: 1;||}||@media (min-width: 2001px) {||  .caja_1 {||  background-color: #1a554e;||  padding: 15px 20px 15px 20px;||    margin-top: -10px;||    margin-left: -76px;||    border-radius: 15px;||    width: 110%;||    height: 100% !important;||    max-height: 500px !important;||    z-index: 1;||  }||  .scrollable_text {||    font-size: 25px !important;||  }||}||||@media (min-width: 1501px) and (max-width: 2000px) {||  .caja_1 {||  background-color: #1a554e;  ||    padding: 15px 20px 15px 20px;||    margin-top: -10px;||    margin-left: -76px;||    border-radius: 15px;||    width: 110%;||    height: 100% !important;||    max-height: 430px !important;||    z-index: 1;||  }||  .scrollable_text {||    height: 100% !important;||    font-size: 20px !important;||    max-height: 390px !important;||    overflow: auto !important;||  }||}||@media (min-width: 1366px) and (max-width: 1500px) {||  .caja_1 {||   background-color: #1a554e;||  padding: 15px 20px 15px 20px;||    margin-top: -10px;||    margin-left: -76px;||    border-radius: 15px;||    width: 100%;||    height: 100% !important;||    max-height: 400px !important;||    z-index: 1;||  }||  .scrollable_text {||    height: 100% !important;||    font-size: 20px !important;||    max-height: 360px !important;||    overflow: auto !important;||  }||}||@media (min-width: 980px) and (max-width: 1024px) and (orientation: landscape) {||  .caja_1 {||  background-color: #1a554e;||    padding: 15px 20px 15px 20px;||    margin-top: -10px;||    margin-left: -76px;||    border-radius: 15px;||    width: 110%;||    height: 100% !important;||    max-height: 360px !important;||    z-index: 1;||  }||  .scrollable_text {||    height: 100% !important;||    max-height: 300px !important;||    overflow: auto !important;||    font-size: 16px !important;||  }||}||@media (min-width: 1025px) and (max-width: 1366px) and (orientation: landscape) {||  .caja_1 {||  background-color: #1a554e;||    padding: 15px 20px 0px 20px;||    margin-top: -10px;||    margin-left: -76px;||    border-radius: 15px;||    width: 110%;||    height: 100% !important;||    max-height: 360px !important;||    z-index: 1;||  }||  .scrollable_text {||    height: 100% !important;||    max-height: 300px;||    overflow: auto !important;||    font-size: 16px !important;||  }||}||@media (min-width: 1024px) and (max-width: 1024px) and (orientation: portrait) {||  .caja_1 {||  background-color: #1a554e;||  padding: 15px 20px 15px 20px;||    margin-top: -10px;||    margin-left: -76px;||    border-radius: 15px;||    width: 108%;||    height: 100% !important;||    max-height: 360px !important;||    z-index: 1;||  }||  .scrollable_text {||    height: 300px;||    overflow: auto !important;||    font-size: 16px !important;||  }||}||@media (min-width: 980px) and (max-width: 1023px) and (orientation: portrait) {||  .caja_1 {||  background-color: #1a554e;||  padding: 15px 20px 15px 20px;||    margin-top: -10px;||    margin-left: -76px;||    border-radius: 15px;||    width: 100%;||    height: 100% !important;||    max-height: 260px !important;||    z-index: 1;||  }||  .scrollable_text {||    height: 200px;||    overflow: auto !important;||    font-size: 16px !important;||  }||}||@media (min-width: 800px) and (max-width: 980px) and (orientation: portrait) {||  .caja_1 {||  background-color: #1a554e;||  padding: 15px 20px 15px 20px;||    margin-top: -10px;||    margin-left: -76px;||    border-radius: 15px;||    width: 108%;||    height: 100% !important;||    max-height: 260px !important;||    z-index: 1;||  }||  .scrollable_text {||    height: 200px;||    overflow: auto !important;||    font-size: 16px !important;||  }||}||@media (min-width: 768px) and (max-width: 799px) and (orientation: portrait) {||  .caja_1 {||  background-color: #1a554e;||  padding: 15px 20px 15px 20px;||    margin-top: -10px;||    margin-left: -76px;||    border-radius: 15px;||    width: 108%;||    height: 100% !important;||    max-height: 160px !important;||    z-index: 1;||  }||  .scrollable_text {||    height: 100px;||    overflow: auto !important;||    font-size: 16px !important;||  }||}||close-button-white{||  margin-bottom:10px!important;||  margin-right:5px!important; ||  padding:0px!important;||  color:#ffffff!important;||}&#8221; locked=&#8221;off&#8221; global_colors_info=&#8221;{}&#8221;]<\/p>\n<div id=\"reveal_docent\" class=\"caja_1\">\n<p class=\"rv-button2 opened close-button-white\" style=\"text-align: right; padding: 0px!important;\"><span style=\"color: #ffffff;\">x<\/span><\/p>\n<div class=\"scrollable_text\">\n<p>Now we will remember the part of the story we watched the other day and then tell how the story ends.<\/p>\n<p>We will explain it step by step, based on the questions I will ask you! <\/p>\n<p>On each page you will see pictures that will help us identify the different parts of the story.<\/p>\n<\/div>\n<\/div>\n<p>[\/et_pb_blurb][\/et_pb_column][et_pb_column type=&#8221;1_3&#8243; _builder_version=&#8221;4.23.4&#8243; _module_preset=&#8221;default&#8221; global_colors_info=&#8221;{}&#8221;][et_pb_heading title=&#8221;EXERCICI DE REEXPLICACI\u00d3&#8221; module_id=&#8221;head_title&#8221; _builder_version=&#8221;4.23.4&#8243; _module_preset=&#8221;default&#8221; title_level=&#8221;h2&#8243; title_font=&#8221;|||on|||||&#8221; title_text_align=&#8221;center&#8221; title_text_color=&#8221;#1a554e&#8221; custom_margin=&#8221;0px|0px|0px|0px|true|true&#8221; custom_padding=&#8221;0px|0px|0px|0px|true|true&#8221; custom_css_free_form=&#8221;#head_title{||  min-width: 600px;||}&#8221; global_colors_info=&#8221;{}&#8221;][\/et_pb_heading][et_pb_image src=&#8221;https:\/\/storytic.upf.edu\/wp-content\/uploads\/2024\/07\/Portada-tv-conte2-Platans-ses5-teatre-1.png&#8221; title_text=&#8221;Portada-tv-conte2-Platans-ses5-teatre (1)&#8221; align=&#8221;center&#8221; _builder_version=&#8221;4.23.4&#8243; _module_preset=&#8221;default&#8221; module_alignment=&#8221;center&#8221; height=&#8221;460px&#8221; hover_enabled=&#8221;0&#8243; custom_css_free_form=&#8221;.wp-image-7945{||  max-width:none!important;||}&#8221; global_colors_info=&#8221;{}&#8221; sticky_enabled=&#8221;0&#8243;][\/et_pb_image][et_pb_code admin_label=&#8221;Code&#8221; _builder_version=&#8221;4.23.4&#8243; _module_preset=&#8221;default&#8221; locked=&#8221;off&#8221; global_colors_info=&#8221;{}&#8221;]<script type=\"text\/javascript\"><!-- [et_pb_line_break_holder] -->jQuery(document).ready(function() {<!-- [et_pb_line_break_holder] -->jQuery('.rv-button').click(function(e){<!-- [et_pb_line_break_holder] -->e.preventDefault();jQuery(\"#reveal\").slideToggle();jQuery(\"#reveal2\").slideToggle();<!-- [et_pb_line_break_holder] -->jQuery('.rv-button').toggleClass('opened closed');<!-- [et_pb_line_break_holder] -->});<!-- [et_pb_line_break_holder] -->});<!-- [et_pb_line_break_holder] --><!-- [et_pb_line_break_holder] -->jQuery('.rv-button2').click(function(e2){<!-- [et_pb_line_break_holder] -->e2.preventDefault();jQuery(\"#reveal_docent\").slideToggle();jQuery(\"#reveal_docent2\").slideToggle();<!-- [et_pb_line_break_holder] -->jQuery('.rv-button2').toggleClass('opened closed');<!-- [et_pb_line_break_holder] -->});<!-- [et_pb_line_break_holder] --><\/script>[\/et_pb_code][\/et_pb_column][et_pb_column type=&#8221;1_3&#8243; disabled_on=&#8221;off|on|off&#8221; _builder_version=&#8221;4.23.4&#8243; _module_preset=&#8221;default&#8221; global_colors_info=&#8221;{}&#8221;][\/et_pb_column][\/et_pb_row][et_pb_row column_structure=&#8221;1_6,1_6,1_6,1_6,1_6,1_6&#8243; _builder_version=&#8221;4.23.4&#8243; _module_preset=&#8221;default&#8221; positioning=&#8221;fixed&#8221; position_origin_f=&#8221;bottom_center&#8221; z_index=&#8221;200&#8243; width=&#8221;90%&#8221; max_width=&#8221;2560px&#8221; height=&#8221;60px&#8221; custom_margin=&#8221;||20px||false|false&#8221; custom_padding=&#8221;3px|15px|0px||false|false&#8221; locked=&#8221;off&#8221; global_colors_info=&#8221;{}&#8221;][et_pb_column type=&#8221;1_6&#8243; _builder_version=&#8221;4.23.4&#8243; _module_preset=&#8221;default&#8221; global_colors_info=&#8221;{}&#8221;][et_pb_icon font_icon=&#8221;&#x34;||divi||400&#8243; icon_color=&#8221;#fadc50&#8243; icon_width=&#8221;32px&#8221; url=&#8221;https:\/\/storytic.upf.edu\/individual-sessio-5-contacontes\/individual-sessio-5-contacontes-01\/&#8221; _builder_version=&#8221;4.23.4&#8243; _module_preset=&#8221;default&#8221; background_color=&#8221;#1a554e&#8221; custom_padding=&#8221;10px|20px|10px|15px|true|false&#8221; border_radii=&#8221;on|10px|10px|10px|10px&#8221; global_colors_info=&#8221;{}&#8221;][\/et_pb_icon][\/et_pb_column][et_pb_column type=&#8221;1_6&#8243; disabled_on=&#8221;off|on|off&#8221; _builder_version=&#8221;4.23.4&#8243; _module_preset=&#8221;default&#8221; global_colors_info=&#8221;{}&#8221;][\/et_pb_column][et_pb_column type=&#8221;1_6&#8243; disabled_on=&#8221;off|on|off&#8221; _builder_version=&#8221;4.23.4&#8243; _module_preset=&#8221;default&#8221; global_colors_info=&#8221;{}&#8221;][\/et_pb_column][et_pb_column type=&#8221;1_6&#8243; disabled_on=&#8221;off|on|off&#8221; _builder_version=&#8221;4.23.4&#8243; _module_preset=&#8221;default&#8221; global_colors_info=&#8221;{}&#8221;][\/et_pb_column][et_pb_column type=&#8221;1_6&#8243; _builder_version=&#8221;4.23.4&#8243; _module_preset=&#8221;default&#8221; global_colors_info=&#8221;{}&#8221;][et_pb_icon font_icon=&#8221;&#x34;||divi||400&#8243; icon_color=&#8221;RGBA(255,255,255,0)&#8221; icon_width=&#8221;32px&#8221; _builder_version=&#8221;4.23.4&#8243; _module_preset=&#8221;default&#8221; background_color=&#8221;RGBA(255,255,255,0)&#8221; custom_padding=&#8221;10px|20px|10px|15px|true|false&#8221; border_radii=&#8221;on|10px|10px|10px|10px&#8221; locked=&#8221;off&#8221; global_colors_info=&#8221;{}&#8221;][\/et_pb_icon][\/et_pb_column][et_pb_column type=&#8221;1_6&#8243; _builder_version=&#8221;4.23.4&#8243; _module_preset=&#8221;default&#8221; global_colors_info=&#8221;{}&#8221;][et_pb_button button_url=&#8221;https:\/\/storytic.upf.edu\/individual-sessio-5-exercici\/individual-sessio-5-exercici-02\/&#8221; button_text=&#8221;Seg\u00fcent&#8221; button_alignment=&#8221;right&#8221; _builder_version=&#8221;4.23.4&#8243; _module_preset=&#8221;default&#8221; custom_button=&#8221;on&#8221; button_text_color=&#8221;#fadc50&#8243; button_bg_color=&#8221;#1a554e&#8221; button_border_width=&#8221;0px&#8221; button_border_radius=&#8221;10px&#8221; button_font=&#8221;|||on|on|||RGBA(255,255,255,0)|&#8221; button_use_icon=&#8221;off&#8221; background_layout=&#8221;dark&#8221; custom_padding=&#8221;10px|50px|10px|50px|true|true&#8221; locked=&#8221;off&#8221; global_colors_info=&#8221;{}&#8221; button_bg_color__hover_enabled=&#8221;on|desktop&#8221; button_bg_color__hover=&#8221;#216860&#8243; button_bg_enable_color__hover=&#8221;on&#8221;][\/et_pb_button][\/et_pb_column][\/et_pb_row][\/et_pb_section]<\/p>","protected":false},"excerpt":{"rendered":"<p>x Ara recordarem el tros de la hist\u00f2ria que vam veure l\u2019altre dia i despr\u00e9s explicarem com acaba la hist\u00f2ria. L\u2019explicarem pas per pas, a partir de les preguntes que et far\u00e9! A cada p\u00e0gina veur\u00e0s uns dibuixos que ens ajudaran a identificar les diferents parts del conte.<\/p>","protected":false},"author":3,"featured_media":0,"parent":8081,"menu_order":0,"comment_status":"closed","ping_status":"closed","template":"","meta":{"_et_pb_use_builder":"on","_et_pb_old_content":"","_et_gb_content_width":"","footnotes":""},"class_list":["post-8108","page","type-page","status-publish","hentry"],"_links":{"self":[{"href":"https:\/\/storytic.upf.edu\/en\/wp-json\/wp\/v2\/pages\/8108","targetHints":{"allow":["GET"]}}],"collection":[{"href":"https:\/\/storytic.upf.edu\/en\/wp-json\/wp\/v2\/pages"}],"about":[{"href":"https:\/\/storytic.upf.edu\/en\/wp-json\/wp\/v2\/types\/page"}],"author":[{"embeddable":true,"href":"https:\/\/storytic.upf.edu\/en\/wp-json\/wp\/v2\/users\/3"}],"replies":[{"embeddable":true,"href":"https:\/\/storytic.upf.edu\/en\/wp-json\/wp\/v2\/comments?post=8108"}],"version-history":[{"count":6,"href":"https:\/\/storytic.upf.edu\/en\/wp-json\/wp\/v2\/pages\/8108\/revisions"}],"predecessor-version":[{"id":8258,"href":"https:\/\/storytic.upf.edu\/en\/wp-json\/wp\/v2\/pages\/8108\/revisions\/8258"}],"up":[{"embeddable":true,"href":"https:\/\/storytic.upf.edu\/en\/wp-json\/wp\/v2\/pages\/8081"}],"wp:attachment":[{"href":"https:\/\/storytic.upf.edu\/en\/wp-json\/wp\/v2\/media?parent=8108"}],"curies":[{"name":"wp","href":"https:\/\/api.w.org\/{rel}","templated":true}]}}