{"id":9609,"date":"2024-08-11T07:27:43","date_gmt":"2024-08-11T07:27:43","guid":{"rendered":"https:\/\/storytic.upf.edu\/?page_id=9609"},"modified":"2024-10-10T12:41:25","modified_gmt":"2024-10-10T12:41:25","slug":"avaluacio-sessio-8-reconstruccio-02","status":"publish","type":"page","link":"https:\/\/storytic.upf.edu\/en\/avaluacio-sessio-8-presentacio\/avaluacio-sessio-8-reconstruccio-02\/","title":{"rendered":"AVALUACI\u00d3 &#8211; SESSI\u00d3 8 &#8211; Reconstrucci\u00f3 02"},"content":{"rendered":"<p>[et_pb_section fb_built=&#8221;1&#8243; _builder_version=&#8221;4.23.4&#8243; _module_preset=&#8221;default&#8221; background_color=&#8221;#fadc50&#8243; use_background_color_gradient=&#8221;on&#8221; background_color_gradient_stops=&#8221;#ffffff 0%|#fadc50 81%|#fadc50 100%&#8221; min_height=&#8221;966.5px&#8221; height=&#8221;1253px&#8221; custom_margin=&#8221;||||false|false&#8221; custom_padding=&#8221;||||false|false&#8221; collapsed=&#8221;off&#8221; global_colors_info=&#8221;{}&#8221;][et_pb_row column_structure=&#8221;1_4,3_4&#8243; _builder_version=&#8221;4.23.4&#8243; _module_preset=&#8221;default&#8221; z_index=&#8221;5&#8243; width=&#8221;100%&#8221; max_width=&#8221;2560px&#8221; module_alignment=&#8221;center&#8221; custom_margin=&#8221;30px||||false|false&#8221; global_colors_info=&#8221;{}&#8221;][et_pb_column type=&#8221;1_4&#8243; _builder_version=&#8221;4.23.4&#8243; _module_preset=&#8221;default&#8221; global_colors_info=&#8221;{}&#8221;][et_pb_blurb title=&#8221;TERAPEUTA&#8221; image=&#8221;https:\/\/storytic.upf.edu\/wp-content\/uploads\/2024\/03\/ic-docent-terapeuta-1-1.png&#8221; icon_placement=&#8221;left&#8221; image_icon_width=&#8221;80px&#8221; content_max_width_tablet=&#8221;100%&#8221; content_max_width_phone=&#8221;100%&#8221; content_max_width_last_edited=&#8221;on|tablet&#8221; _builder_version=&#8221;4.23.4&#8243; _module_preset=&#8221;default&#8221; header_font=&#8221;|||on|||||&#8221; header_text_align=&#8221;left&#8221; header_text_color=&#8221;#1A554E&#8221; header_font_size=&#8221;22px&#8221; body_text_align=&#8221;left&#8221; body_text_color=&#8221;#FADC50&#8243; body_font_size=&#8221;20px&#8221; image_icon_custom_margin=&#8221;-20px||||false|false&#8221; image_icon_custom_padding=&#8221;||||false|false&#8221; z_index=&#8221;12&#8243; module_alignment=&#8221;left&#8221; custom_margin=&#8221;|||10px|false|false&#8221; custom_css_free_form=&#8221;.caja_1 {||  background-color: #1a554e;||  padding: 10px 20px 15px 20px;||  margin-top: -10px;||  margin-left: -76px;||  border-radius: 15px;||  width: 110%;||  height: 100% !important;||  max-height: 360px !important;||  z-index: 1;||}||@media (min-width: 2001px) {||  .caja_1 {||  background-color: #1a554e;||    padding: 10px 20px 15px 20px;||    margin-top: -10px;||    margin-left: -76px;||    border-radius: 15px;||    width: 110%;||    height: 100% !important;||    max-height: 500px !important;||    z-index: 1;||  }||  .scrollable_text {||    font-size: 25px !important;||  }||}||||@media (min-width: 1501px) and (max-width: 2000px) {||  .caja_1 {||  background-color: #1a554e;||    padding: 10px 20px 15px 20px;||    margin-top: -10px;||    margin-left: -76px;||    border-radius: 15px;||    width: 110%;||    height: 100% !important;||    max-height: 430px !important;||    z-index: 1;||  }||  .scrollable_text {||    height: 100% !important;||    font-size: 20px !important;||    max-height: 390px !important;||    overflow: auto !important;||  }||}||@media (min-width: 1366px) and (max-width: 1500px) {||  .caja_1 {||   background-color: #1a554e;||    padding: 10px 20px 15px 20px;||    margin-top: -10px;||    margin-left: -76px;||    border-radius: 15px;||    width: 100%;||    height: 100% !important;||    max-height: 400px !important;||    z-index: 1;||  }||  .scrollable_text {||    height: 100% !important;||    font-size: 20px !important;||    max-height: 360px !important;||    overflow: auto !important;||  }||}||@media (min-width: 980px) and (max-width: 1024px) and (orientation: landscape) {||  .caja_1 {||  background-color: #1a554e;||    padding: 10px 20px 15px 20px;||    margin-top: -10px;||    margin-left: -76px;||    border-radius: 15px;||    width: 110%;||    height: 100% !important;||    max-height: 360px !important;||    z-index: 1;||  }||  .scrollable_text {||    height: 100% !important;||    max-height: 300px !important;||    overflow: auto !important;||    font-size: 16px !important;||  }||}||@media (min-width: 1025px) and (max-width: 1366px) and (orientation: landscape) {||  .caja_1 {||  background-color: #1a554e;||    padding: 10px 20px 15px 20px;||    margin-top: -10px;||    margin-left: -76px;||    border-radius: 15px;||    width: 110%;||    height: 100% !important;||    max-height: 360px !important;||    z-index: 1;||  }||  .scrollable_text {||    height: 100% !important;||    max-height: 300px;||    overflow: auto !important;||    font-size: 16px !important;||  }||}||@media (min-width: 1024px) and (max-width: 1024px) and (orientation: portrait) {||  .caja_1 {||  background-color: #1a554e;||    padding: 10px 20px 15px 20px;||    margin-top: -10px;||    margin-left: -76px;||    border-radius: 15px;||    width: 108%;||    height: 100% !important;||    max-height: 360px !important;||    z-index: 1;||  }||  .scrollable_text {||    height: 300px;||    overflow: auto !important;||    font-size: 16px !important;||  }||}||@media (min-width: 980px) and (max-width: 1023px) and (orientation: portrait) {||  .caja_1 {||  background-color: #1a554e;||    padding: 10px 20px 15px 20px;||    margin-top: -10px;||    margin-left: -76px;||    border-radius: 15px;||    width: 100%;||    height: 100% !important;||    max-height: 260px !important;||    z-index: 1;||  }||  .scrollable_text {||    height: 200px;||    overflow: auto !important;||    font-size: 16px !important;||  }||}||@media (min-width: 800px) and (max-width: 980px) and (orientation: portrait) {||  .caja_1 {||  background-color: #1a554e;||    padding: 10px 20px 15px 20px;||    margin-top: -10px;||    margin-left: -76px;||    border-radius: 15px;||    width: 108%;||    height: 100% !important;||    max-height: 260px !important;||    z-index: 1;||  }||  .scrollable_text {||    height: 200px;||    overflow: auto !important;||    font-size: 16px !important;||  }||}||@media (min-width: 768px) and (max-width: 799px) and (orientation: portrait) {||  .caja_1 {||  background-color: #1a554e;||    padding: 10px 20px 15px 20px;||    margin-top: -10px;||    margin-left: -76px;||    border-radius: 15px;||    width: 108%;||    height: 100% !important;||    max-height: 160px !important;||    z-index: 1;||  }||  .scrollable_text {||    height: 100px;||    overflow: auto !important;||    font-size: 16px !important;||  }||}||close-button-white{||  margin-bottom:10px!important;||  margin-right:5px!important; ||  padding:0px!important;||  color:#ffffff!important;||}&#8221; locked=&#8221;off&#8221; global_colors_info=&#8221;{}&#8221;]<\/p>\n<div id=\"reveal_docent\" class=\"caja_1\">\n<p class=\"rv-button2 opened close-button-white\" style=\"text-align: right; padding: 0px!important;\"><span style=\"color: #ffffff;\">x<\/span><\/p>\n<div class=\"scrollable_text\">\n<p><span style=\"font-weight: 400; color: #ffffff;\">Block 1. Understanding history.<\/span><\/p>\n<p>Very good!<\/p>\n<\/div>\n<\/div>\n<p>[\/et_pb_blurb][\/et_pb_column][et_pb_column type=&#8221;3_4&#8243; _builder_version=&#8221;4.23.4&#8243; _module_preset=&#8221;default&#8221; custom_padding=&#8221;20px||||false|false&#8221; custom_padding_tablet=&#8221;30px||||false|false&#8221; custom_padding_phone=&#8221;0px||||false|false&#8221; custom_padding_last_edited=&#8221;on|tablet&#8221; global_colors_info=&#8221;{}&#8221;][et_pb_text module_id=&#8221;text_tablet&#8221; _builder_version=&#8221;4.23.4&#8243; _module_preset=&#8221;default&#8221; text_font=&#8221;|700|||||||&#8221; text_text_color=&#8221;#1A554E&#8221; text_font_size=&#8221;50px&#8221; text_orientation=&#8221;center&#8221; module_alignment=&#8221;center&#8221; text_font_size_tablet=&#8221;50px&#8221; text_font_size_phone=&#8221;25px&#8221; text_font_size_last_edited=&#8221;on|tablet&#8221; custom_css_free_form=&#8221;#text_tablet{||    max-width: 900px;||  }||||@media (min-width: 768px) and (max-width: 1024px) {||  #text_tablet{||    margin-top: -60px!important;||    margin-bottom: 60px!important;||    font-size: 24px!important;||  }||}||@media (min-width: 1025px) and (max-width: 1439px) {||  #text_tablet{||    margin-top: 0px!important;||    margin-bottom: 60px!important;||    font-size: 30px!important;||  }||}||@media (min-width: 1140px) and (max-width: 1199px) {||  #text_tablet{|| \t\tmax-width: 750px;||  }||}||@media (min-width: 1200px) and (max-width: 1439px) {||  #text_tablet{|| max-width: 800px;||  }||}||@media (min-width: 1440px) and (max-width: 1603px) {||  #text_tablet{||    font-size: 40px!important;||    margin-bottom: 60px!important;||  }||}&#8221; global_colors_info=&#8221;{}&#8221;]<\/p>\n<p><span>Correct order<\/span><\/p>\n<p>[\/et_pb_text][et_pb_text _builder_version=&#8221;4.23.4&#8243; _module_preset=&#8221;default&#8221; text_text_color=&#8221;RGBA(255,255,255,0)&#8221; text_font_size=&#8221;4rem&#8221; header_font=&#8221;||||||||&#8221; hover_enabled=&#8221;0&#8243; custom_css_free_form=&#8221;.dropzone {||    width: 120px;||    height: 120px;||    border: 2px dashed #1A554E;||    border-radius: 20px;||    margin: 5px;||    display: flex;||    align-items: center;||    justify-content: center;||||}||||#draggable-container, #droppable-container {||    display: flex;||    flex-direction: row;||    margin-bottom: 20px;||}||||.imgordena {||    cursor: pointer;||    width: 120px;||    height: 120px;||    border: 2px solid #1A554E;||    border-radius: 20px;||  \tmargin: 5px;||}||||.position-relative {||    position: relative!important;||}||||.contacontes {||  \tmargin-top: -60px;||    margin-bottom: 31px;||    margin-left:-5%;||}||@media (min-width: 1591px) and (max-width: 2017px) {||  #draggable-container{||    flex-direction: column;||    height: 260px!important;||    justify-content: center;||    align-items:center;||    margin-left: -10%!important;||  }||}||||@media (min-width: 1511px) and (max-width: 1590px) {||  #draggable-container{||    flex-direction: column;||    height: 260px!important;||    justify-content: center;||    align-items:center;||    margin-left: -8%!important;||  }||}||||@media (min-width: 1460px) and (max-width: 1510px) {||  #draggable-container{||    flex-direction: column;||    height: 260px!important;||    justify-content: center;||    align-items:center;||    margin-left: -3.5%!important;||  }||}||||@media (min-width: 1361px) and (max-width: 1459px) {||  #draggable-container{||    flex-direction: column;||    height: 260px!important;||    justify-content: center;||    align-items:center;||  }||}||||@media (min-width: 1361px) and (max-width: 1678px) {||  .dropzone {||    width: 108px!important;||    height: 108px!important;||}||  .two_rows{||    display: flex;||    width: 800px!important;||    flex-direction: row;||    margin-bottom: 10px;||    height: 120px!important;||  }||  .imgordena {||    cursor: pointer;||    width: 120px!important;||    height: 120px!important;||    border: 2px solid #1A554E;||    border-radius: 20px;||  \tmargin: 5px;||}||.dropzone .imgordena {||    width: 108px!important;||    height: 108px!important;||    margin: 0 !important;||}||.contacontes {||  \tmargin-top: -60px;||    margin-bottom: 31px;||  \tmargin-left:-12%;||}||  #droppable-container {||    height: 106px!important;||}||  .et_pb_text_0.et_pb_text {||    font-size: 2.5rem;||}||}||@media (min-width: 1250px) and (max-width: 1360px) {||  .dropzone {||    width: 77px!important;||    height: 77px!important;||}||  .imgordena {||    cursor: pointer;||    width: 77px!important;||    height: 77px!important;||    border: 2px solid #1A554E;||    border-radius: 20px;||  \tmargin: 5px;||}||.dropzone .imgordena {||    width: 77px!important;||    height: 77px!important;||    margin: 0 !important;||}||.contacontes {||  \tmargin-top: -60px;||    margin-bottom: 31px;||  \tmargin-left:-10%;||}||  #draggable-container, #droppable-container {||    height: 77px!important;||}||  .et_pb_text_0.et_pb_text {||    font-size: 2.5rem;||}||}||||||@media (min-width: 981px) and (max-width: 1249px) {||  .dropzone {||    width: 62px!important;||    height: 62px!important;||}||  .imgordena {||    cursor: pointer;||    width: 62px!important;||    height: 62px!important;||    border: 2px solid #1A554E;||    border-radius: 20px;||  \tmargin: 5px;||}||.contacontes {||  \tmargin-top: -60px;||    margin-bottom: 31px;||  \tmargin-left:-10!important;||}||  #draggable-container, #droppable-container {||    height: 60px!important;||}||  .et_pb_text_0.et_pb_text {||    font-size: 2.5rem;||}||}||@media (min-width: 860px) and (max-width: 980px) {||  .dropzone {||    width: 62px!important;||    height: 62px!important;||}||  .imgordena {||    cursor: pointer;||    width: 62px!important;||    height: 62px!important;||    border: 2px solid #1A554E;||    border-radius: 20px;||  \tmargin: 5px;||}||.contacontes {||  \tmargin-top: -60px;||    margin-bottom: 31px;||  \tmargin-left:3%;||}||  #draggable-container, #droppable-container {||    height: 60px!important;||}||    .et_pb_text_0.et_pb_text {||    font-size: 2.5rem;||}||}||@media (min-width: 768px) and (max-width: 859px) {||  .dropzone {||    width: 52px!important;||    height: 52px!important;||}||  .imgordena {||    cursor: pointer;||    width: 52px!important;||    height: 52px!important;||    border: 2px solid #1A554E;||    border-radius: 20px;||  \tmargin: 5px;||}||.contacontes {||  \tmargin-top: -60px;||    margin-bottom: 31px;||  \tmargin-left:3%;||}||  #draggable-container, #droppable-container {||    height: 50px!important;||}||    .et_pb_text_0.et_pb_text {||    font-size: 2.5rem;||}||}&#8221; global_colors_info=&#8221;{}&#8221; sticky_enabled=&#8221;0&#8243;]<\/p>\n<div class=\"position-relative contacontes\">\n<div class=\"\">\n<div id=\"droppable-container\">\n<div class=\"dropzone\"><span><strong>1<\/strong><\/span><\/div>\n<div class=\"dropzone\"><span><strong>2<\/strong><\/span><\/div>\n<div class=\"dropzone\"><span><strong>3<\/strong><\/span><\/div>\n<div class=\"dropzone\"><span><strong>4<\/strong><\/span><\/div>\n<div class=\"dropzone\"><span><strong>5<\/strong><\/span><\/div>\n<div class=\"dropzone\"><span><strong>6<\/strong><\/span><\/div>\n<div class=\"dropzone\"><span><strong>7<\/strong><\/span><\/div>\n<div class=\"dropzone\"><span><strong>8<\/strong><\/span><\/div>\n<div class=\"dropzone\"><span><strong>9<\/strong><\/span><\/div>\n<div class=\"dropzone\"><span><strong>10<\/strong><\/span><\/div>\n<div class=\"dropzone\"><span><strong>11<\/strong><\/span><\/div>\n<div class=\"dropzone\"><span><strong>12<\/strong><\/span><\/div>\n<\/div>\n<div id=\"draggable-container\">\n<div class=\"two_rows\"><img decoding=\"async\" class=\"imgordena\" src=\"https:\/\/storytic.upf.edu\/wp-content\/uploads\/2024\/07\/ordenar_1-1.png\" draggable=\"true\" \/><img decoding=\"async\" class=\"imgordena\" src=\"https:\/\/storytic.upf.edu\/wp-content\/uploads\/2024\/07\/ordenar2.png\" draggable=\"true\" \/><img decoding=\"async\" class=\"imgordena\" src=\"https:\/\/storytic.upf.edu\/wp-content\/uploads\/2024\/07\/ordenar3.png\" draggable=\"true\" \/><img decoding=\"async\" class=\"imgordena\" src=\"https:\/\/storytic.upf.edu\/wp-content\/uploads\/2024\/07\/ordenar4.png\" draggable=\" true=\" \/><img decoding=\"async\" class=\"imgordena\" src=\"https:\/\/storytic.upf.edu\/wp-content\/uploads\/2024\/07\/ordenar5.png\" draggable=\"true\" \/><img decoding=\"async\" class=\"imgordena\" src=\"https:\/\/storytic.upf.edu\/wp-content\/uploads\/2024\/07\/ordenar6.png\" draggable=\"true\" \/><\/div>\n<div class=\"two_rows\"><img decoding=\"async\" class=\"imgordena\" src=\"https:\/\/storytic.upf.edu\/wp-content\/uploads\/2024\/07\/ordenar7.png\" draggable=\"true\" \/><img decoding=\"async\" class=\"imgordena\" src=\"https:\/\/storytic.upf.edu\/wp-content\/uploads\/2024\/07\/ordenar8.png\" draggable=\"true\" \/><img decoding=\"async\" class=\"imgordena\" src=\"https:\/\/storytic.upf.edu\/wp-content\/uploads\/2024\/07\/ordenar9.png\" draggable=\"true\" \/><img decoding=\"async\" class=\"imgordena\" src=\"https:\/\/storytic.upf.edu\/wp-content\/uploads\/2024\/07\/ordenar10.png\" draggable=\"true\" \/><img decoding=\"async\" class=\"imgordena\" src=\"https:\/\/storytic.upf.edu\/wp-content\/uploads\/2024\/07\/ordenar11.png\" draggable=\"true\" \/><img decoding=\"async\" class=\"imgordena\" src=\"https:\/\/storytic.upf.edu\/wp-content\/uploads\/2024\/07\/ordenar12.png\" draggable=\"true\" \/><\/div>\n<\/div>\n<\/div>\n<\/div>\n<p>[\/et_pb_text][et_pb_code admin_label=&#8221;Code&#8221; _builder_version=&#8221;4.23.4&#8243; _module_preset=&#8221;default&#8221; global_colors_info=&#8221;{}&#8221;]<\/p>\n<style type=\"text\/css\"><!-- [et_pb_line_break_holder] -->.rv_button.closed:after {content:\"\\\\33\";}<!-- [et_pb_line_break_holder] -->.rv_button.opened:after{content:\"\\\\32\";}<!-- [et_pb_line_break_holder] -->.rv_button2.closed:after {content:\"\\\\33\";}<!-- [et_pb_line_break_holder] -->.rv_button2.opened:after{content:\"\\\\32\";}<!-- [et_pb_line_break_holder] --><\/style>\n<p><!-- [et_pb_line_break_holder] --><script type=\"text\/javascript\"><!-- [et_pb_line_break_holder] -->jQuery(document).ready(function() {<!-- [et_pb_line_break_holder] -->\/\/ Hide the div<!-- [et_pb_line_break_holder] -->\/\/jQuery('#reveal').hide();<!-- [et_pb_line_break_holder] -->\/\/jQuery('#reveal2').hide();<!-- [et_pb_line_break_holder] -->\/\/jQuery('#reveal_docent').hide();<!-- [et_pb_line_break_holder] -->\/\/jQuery('#reveal_docent2').hide();<!-- [et_pb_line_break_holder] -->jQuery('.rv_button').click(function(e){<!-- [et_pb_line_break_holder] -->e.preventDefault();jQuery(\"#reveal\").slideToggle();jQuery(\"#reveal2\").slideToggle();<!-- [et_pb_line_break_holder] -->jQuery('.rv_button').toggleClass('opened closed');<!-- [et_pb_line_break_holder] -->});<!-- [et_pb_line_break_holder] -->});<!-- [et_pb_line_break_holder] --><!-- [et_pb_line_break_holder] -->jQuery('.rv_button2').click(function(e2){<!-- [et_pb_line_break_holder] -->e2.preventDefault();jQuery(\"#reveal_docent\").slideToggle();jQuery(\"#reveal_docent2\").slideToggle();<!-- [et_pb_line_break_holder] -->jQuery('.rv_button2').toggleClass('opened closed');<!-- [et_pb_line_break_holder] -->});<!-- [et_pb_line_break_holder] --><\/script>[\/et_pb_code][\/et_pb_column][\/et_pb_row][et_pb_row column_structure=&#8221;1_5,1_5,1_5,1_5,1_5&#8243; _builder_version=&#8221;4.23.4&#8243; _module_preset=&#8221;default&#8221; positioning=&#8221;fixed&#8221; position_origin_f=&#8221;bottom_center&#8221; vertical_offset=&#8221;0px&#8221; z_index=&#8221;200&#8243; width=&#8221;90%&#8221; max_width=&#8221;2560px&#8221; height=&#8221;90px&#8221; custom_margin=&#8221;||30px||false|false&#8221; custom_padding=&#8221;3px|15px|0px||false|false&#8221; locked=&#8221;off&#8221; global_colors_info=&#8221;{}&#8221;][et_pb_column type=&#8221;1_5&#8243; _builder_version=&#8221;4.23.4&#8243; _module_preset=&#8221;default&#8221; global_colors_info=&#8221;{}&#8221;][et_pb_icon font_icon=&#8221;&#x34;||divi||400&#8243; icon_color=&#8221;#fadc50&#8243; icon_width=&#8221;32px&#8221; url=&#8221;https:\/\/storytic.upf.edu\/avaluacio-sessio-8-presentacio\/avaluacio-sessio-8-reconstruccio-01&#8243; _builder_version=&#8221;4.23.4&#8243; _module_preset=&#8221;default&#8221; background_color=&#8221;#1a554e&#8221; custom_padding=&#8221;10px|20px|10px|15px|true|false&#8221; border_radii=&#8221;on|10px|10px|10px|10px&#8221; global_colors_info=&#8221;{}&#8221;][\/et_pb_icon][\/et_pb_column][et_pb_column type=&#8221;1_5&#8243; disabled_on=&#8221;off|on|off&#8221; _builder_version=&#8221;4.23.4&#8243; _module_preset=&#8221;default&#8221; global_colors_info=&#8221;{}&#8221;][\/et_pb_column][et_pb_column type=&#8221;1_5&#8243; disabled_on=&#8221;off|on|off&#8221; _builder_version=&#8221;4.23.4&#8243; _module_preset=&#8221;default&#8221; global_colors_info=&#8221;{}&#8221;][et_pb_icon font_icon=&#8221;&#x34;||divi||400&#8243; icon_color=&#8221;RGBA(255,255,255,0)&#8221; icon_width=&#8221;32px&#8221; admin_label=&#8221;Icon&#8221; _builder_version=&#8221;4.23.4&#8243; _module_preset=&#8221;default&#8221; background_color=&#8221;RGBA(255,255,255,0)&#8221; custom_padding=&#8221;10px|20px|10px|15px|true|false&#8221; border_radii=&#8221;on|10px|10px|10px|10px&#8221; locked=&#8221;off&#8221; global_colors_info=&#8221;{}&#8221;][\/et_pb_icon][\/et_pb_column][et_pb_column type=&#8221;1_5&#8243; disabled_on=&#8221;off|on|off&#8221; _builder_version=&#8221;4.23.4&#8243; _module_preset=&#8221;default&#8221; global_colors_info=&#8221;{}&#8221;][\/et_pb_column][et_pb_column type=&#8221;1_5&#8243; _builder_version=&#8221;4.23.4&#8243; _module_preset=&#8221;default&#8221; global_colors_info=&#8221;{}&#8221;][et_pb_button button_url=&#8221;https:\/\/storytic.upf.edu\/avaluacio-sessio-8-reconstruccio\/avaluacio-sessio-8-presentacio-02\/&#8221; button_text=&#8221;Seg\u00fcent&#8221; button_alignment=&#8221;right&#8221; _builder_version=&#8221;4.23.4&#8243; _module_preset=&#8221;default&#8221; custom_button=&#8221;on&#8221; button_text_color=&#8221;#fadc50&#8243; button_bg_color=&#8221;#1a554e&#8221; button_border_width=&#8221;0px&#8221; button_border_radius=&#8221;10px&#8221; button_font=&#8221;Montserrat|||on|on|||RGBA(255,255,255,0)|&#8221; button_use_icon=&#8221;off&#8221; background_layout=&#8221;dark&#8221; custom_padding=&#8221;10px|50px|10px|50px|true|true&#8221; locked=&#8221;off&#8221; global_colors_info=&#8221;{}&#8221; button_bg_color__hover_enabled=&#8221;on|desktop&#8221; button_bg_color__hover=&#8221;#216860&#8243; button_bg_enable_color__hover=&#8221;on&#8221;][\/et_pb_button][\/et_pb_column][\/et_pb_row][\/et_pb_section]<\/p>","protected":false},"excerpt":{"rendered":"<p>x Bloc 1. Comprensi\u00f3 de la hist\u00f2ria. Molt b\u00e9! Ordre correcte 1 2 3 4 5 6 7 8 9 10 11 12<\/p>","protected":false},"author":3,"featured_media":0,"parent":9588,"menu_order":0,"comment_status":"closed","ping_status":"closed","template":"","meta":{"_et_pb_use_builder":"on","_et_pb_old_content":"","_et_gb_content_width":"","footnotes":""},"class_list":["post-9609","page","type-page","status-publish","hentry"],"_links":{"self":[{"href":"https:\/\/storytic.upf.edu\/en\/wp-json\/wp\/v2\/pages\/9609","targetHints":{"allow":["GET"]}}],"collection":[{"href":"https:\/\/storytic.upf.edu\/en\/wp-json\/wp\/v2\/pages"}],"about":[{"href":"https:\/\/storytic.upf.edu\/en\/wp-json\/wp\/v2\/types\/page"}],"author":[{"embeddable":true,"href":"https:\/\/storytic.upf.edu\/en\/wp-json\/wp\/v2\/users\/3"}],"replies":[{"embeddable":true,"href":"https:\/\/storytic.upf.edu\/en\/wp-json\/wp\/v2\/comments?post=9609"}],"version-history":[{"count":18,"href":"https:\/\/storytic.upf.edu\/en\/wp-json\/wp\/v2\/pages\/9609\/revisions"}],"predecessor-version":[{"id":10378,"href":"https:\/\/storytic.upf.edu\/en\/wp-json\/wp\/v2\/pages\/9609\/revisions\/10378"}],"up":[{"embeddable":true,"href":"https:\/\/storytic.upf.edu\/en\/wp-json\/wp\/v2\/pages\/9588"}],"wp:attachment":[{"href":"https:\/\/storytic.upf.edu\/en\/wp-json\/wp\/v2\/media?parent=9609"}],"curies":[{"name":"wp","href":"https:\/\/api.w.org\/{rel}","templated":true}]}}