{"id":9831,"date":"2024-08-11T15:26:46","date_gmt":"2024-08-11T15:26:46","guid":{"rendered":"https:\/\/storytic.upf.edu\/?page_id=9831"},"modified":"2024-08-11T15:26:46","modified_gmt":"2024-08-11T15:26:46","slug":"avaluacio-sessio-9-reconstruccio","status":"publish","type":"page","link":"https:\/\/storytic.upf.edu\/en\/avaluacio-sessio-9-reconstruccio\/","title":{"rendered":"AVALUACI\u00d3 &#8211; SESSI\u00d3 9 &#8211;  Reconstrucci\u00f3"},"content":{"rendered":"","protected":false},"excerpt":{"rendered":"","protected":false},"author":3,"featured_media":0,"parent":0,"menu_order":0,"comment_status":"closed","ping_status":"closed","template":"","meta":{"_et_pb_use_builder":"","_et_pb_old_content":"","_et_gb_content_width":"","footnotes":""},"class_list":["post-9831","page","type-page","status-publish","hentry"],"_links":{"self":[{"href":"https:\/\/storytic.upf.edu\/en\/wp-json\/wp\/v2\/pages\/9831","targetHints":{"allow":["GET"]}}],"collection":[{"href":"https:\/\/storytic.upf.edu\/en\/wp-json\/wp\/v2\/pages"}],"about":[{"href":"https:\/\/storytic.upf.edu\/en\/wp-json\/wp\/v2\/types\/page"}],"author":[{"embeddable":true,"href":"https:\/\/storytic.upf.edu\/en\/wp-json\/wp\/v2\/users\/3"}],"replies":[{"embeddable":true,"href":"https:\/\/storytic.upf.edu\/en\/wp-json\/wp\/v2\/comments?post=9831"}],"version-history":[{"count":1,"href":"https:\/\/storytic.upf.edu\/en\/wp-json\/wp\/v2\/pages\/9831\/revisions"}],"predecessor-version":[{"id":9834,"href":"https:\/\/storytic.upf.edu\/en\/wp-json\/wp\/v2\/pages\/9831\/revisions\/9834"}],"wp:attachment":[{"href":"https:\/\/storytic.upf.edu\/en\/wp-json\/wp\/v2\/media?parent=9831"}],"curies":[{"name":"wp","href":"https:\/\/api.w.org\/{rel}","templated":true}]}}