{"id":6741,"date":"2024-06-10T14:50:56","date_gmt":"2024-06-10T14:50:56","guid":{"rendered":"https:\/\/storytic.upf.edu\/?page_id=6741"},"modified":"2024-06-26T09:58:03","modified_gmt":"2024-06-26T09:58:03","slug":"aula-sessio-3-historia-01","status":"publish","type":"page","link":"https:\/\/storytic.upf.edu\/es\/aula-sessio-3-histories\/aula-sessio-3-historia-01\/","title":{"rendered":"AULA &#8211; SESSI\u00d3 3 &#8211; Hist\u00f2ria 01"},"content":{"rendered":"<p>[et_pb_section fb_built=&#8221;1&#8243; _builder_version=&#8221;4.23.4&#8243; _module_preset=&#8221;default&#8221; background_color=&#8221;#fadc50&#8243; use_background_color_gradient=&#8221;on&#8221; background_color_gradient_stops=&#8221;#ffffff 0%|#fadc50 81%|#fadc50 100%&#8221; min_height=&#8221;966.5px&#8221; height=&#8221;1253px&#8221; collapsed=&#8221;off&#8221; global_colors_info=&#8221;{}&#8221;][et_pb_row column_structure=&#8221;1_3,1_3,1_3&#8243; _builder_version=&#8221;4.23.4&#8243; _module_preset=&#8221;default&#8221; z_index=&#8221;5&#8243; width=&#8221;100%&#8221; max_width=&#8221;2560px&#8221; module_alignment=&#8221;center&#8221; global_colors_info=&#8221;{}&#8221;][et_pb_column type=&#8221;1_3&#8243; _builder_version=&#8221;4.23.4&#8243; _module_preset=&#8221;default&#8221; global_colors_info=&#8221;{}&#8221;][et_pb_blurb title=&#8221;DOCENT&#8221; image=&#8221;https:\/\/storytic.upf.edu\/wp-content\/uploads\/2024\/03\/ic-docent-terapeuta-1-1.png&#8221; icon_placement=&#8221;left&#8221; image_icon_width=&#8221;80px&#8221; content_max_width_tablet=&#8221;100%&#8221; content_max_width_phone=&#8221;100%&#8221; content_max_width_last_edited=&#8221;on|tablet&#8221; _builder_version=&#8221;4.23.4&#8243; _module_preset=&#8221;default&#8221; header_font=&#8221;|||on|||||&#8221; header_text_align=&#8221;left&#8221; header_text_color=&#8221;#1C7393&#8243; header_font_size=&#8221;22px&#8221; body_text_align=&#8221;left&#8221; body_text_color=&#8221;#FADC50&#8243; body_font_size=&#8221;20px&#8221; image_icon_custom_margin=&#8221;-20px||||false|false&#8221; image_icon_custom_padding=&#8221;||||false|false&#8221; z_index=&#8221;12&#8243; module_alignment=&#8221;left&#8221; custom_margin=&#8221;|||10px|false|false&#8221; custom_css_free_form=&#8221;.caja_1 {||  background-color: #1c7393;||  padding: 15px 20px 15px 20px;||  margin-top: -10px;||  margin-left: -76px;||  border-radius: 15px;||  width: 110%;||  height: 100% !important;||  max-height: 360px !important;||  z-index: 1;||}||@media (min-width: 2001px) {||  .caja_1 {||    background-color: #1c7393;||    padding: 15px 20px 15px 20px;||    margin-top: -10px;||    margin-left: -76px;||    border-radius: 15px;||    width: 110%;||    height: 100% !important;||    max-height: 500px !important;||    z-index: 1;||  }||  .scrollable_text {||    font-size: 25px !important;||  }||}||||@media (min-width: 1501px) and (max-width: 2000px) {||  .caja_1 {||    background-color: #1c7393;||    padding: 15px 20px 15px 20px;||    margin-top: -10px;||    margin-left: -76px;||    border-radius: 15px;||    width: 110%;||    height: 100% !important;||    max-height: 430px !important;||    z-index: 1;||  }||  .scrollable_text {||    height: 100% !important;||    font-size: 20px !important;||    max-height: 390px !important;||    overflow: auto !important;||  }||}||@media (min-width: 1366px) and (max-width: 1500px) {||  .caja_1 {||    background-color: #1c7393;||    padding: 15px 20px 15px 20px;||    margin-top: -10px;||    margin-left: -76px;||    border-radius: 15px;||    width: 120%;||    height: 100% !important;||    max-height: 400px !important;||    z-index: 1;||  }||  .scrollable_text {||    height: 100% !important;||    font-size: 14px!important;||\t\tline-height: 1.2!important;||    max-height: 360px !important;||    overflow: auto !important;||  }||}||@media (min-width: 980px) and (max-width: 1024px) and (orientation: landscape) {||  .caja_1 {||    background-color: #1c7393;||    padding: 15px 20px 15px 20px;||    margin-top: -10px;||    margin-left: -76px;||    border-radius: 15px;||    width: 110%;||    height: 100% !important;||    max-height: 360px !important;||    z-index: 1;||  }||  .scrollable_text {||    height: 100% !important;||    max-height: 300px !important;||    overflow: auto !important;||    font-size: 16px !important;||  }||}||@media (min-width: 1025px) and (max-width: 1366px) and (orientation: landscape) {||  .caja_1 {||    background-color: #1c7393;||    padding: 15px 20px 15px 20px;||    margin-top: -10px;||    margin-left: -76px;||    border-radius: 15px;||    width: 140%;||    height: 100% !important;||    max-height: 360px !important;||    z-index: 1;||  }||  .scrollable_text {||    height: 100% !important;||    max-height: 300px;||    overflow: auto !important;||    font-size: 14px!important;||\t\tline-height: 1.2!important;||  }||}||@media (min-width: 1024px) and (max-width: 1024px) and (orientation: portrait) {||  .caja_1 {||    background-color: #1c7393;||    padding: 15px 20px 15px 20px;||    margin-top: -10px;||    margin-left: -76px;||    border-radius: 15px;||    width: 108%;||    height: 100% !important;||    max-height: 360px !important;||    z-index: 1;||  }||  .scrollable_text {||    height: 300px;||    overflow: auto !important;||    font-size: 16px !important;||  }||}||@media (min-width: 980px) and (max-width: 1023px) and (orientation: portrait) {||  .caja_1 {||    background-color: #1c7393;||    padding: 15px 20px 15px 20px;||    margin-top: -10px;||    margin-left: -76px;||    border-radius: 15px;||    width: 100%;||    height: 100% !important;||    max-height: 260px !important;||    z-index: 1;||  }||  .scrollable_text {||    height: 200px;||    overflow: auto !important;||    font-size: 16px !important;||  }||}||@media (min-width: 800px) and (max-width: 980px) and (orientation: portrait) {||  .caja_1 {||    background-color: #1c7393;||    padding: 15px 20px 15px 20px;||    margin-top: -10px;||    margin-left: -76px;||    border-radius: 15px;||    width: 108%;||    height: 100% !important;||    max-height: 260px !important;||    z-index: 1;||  }||  .scrollable_text {||    height: 200px;||    overflow: auto !important;||    font-size: 16px !important;||  }||}||@media (min-width: 768px) and (max-width: 799px) and (orientation: portrait) {||  .caja_1 {||    background-color: #1c7393;||    padding: 15px 20px 15px 20px;||    margin-top: -10px;||    margin-left: -76px;||    border-radius: 15px;||    width: 108%;||    height: 100% !important;||    max-height: 160px !important;||    z-index: 1;||  }||  .scrollable_text {||    height: 100px;||    overflow: auto !important;||    font-size: 16px !important;||  }||}||close-button-white{||  margin-bottom:10px!important;||  margin-right:5px!important; ||  padding:0px!important;||  color:#ffffff!important;||}||close-button-white{||  margin-bottom:10px!important;||  margin-right:5px!important; ||  padding:0px!important;||  color:#ffffff!important;||}&#8221; locked=&#8221;off&#8221; global_colors_info=&#8221;{}&#8221;]<\/p>\n<div id=\"reveal_docent\" class=\"caja_1\">\n<p class=\"close-button-white\" style=\"text-align: right; padding: 0px!important;\"><span class=\"rv-button2 opened\" style=\"color: #ffffff;\">x<\/span><\/p>\n<div class=\"scrollable_text\">Ahora os contar\u00e9 una historia que me pas\u00f3 y que se parece mucho a la de Meloix.<br \/>\n<span style=\"color: #ffffff;\">Lee la historia de la libreta o explica otra similar. <\/span><\/div>\n<\/div>\n<p>[\/et_pb_blurb][\/et_pb_column][et_pb_column type=&#8221;1_3&#8243; _builder_version=&#8221;4.23.4&#8243; _module_preset=&#8221;default&#8221; global_colors_info=&#8221;{}&#8221;][et_pb_text _builder_version=&#8221;4.23.4&#8243; _module_preset=&#8221;default&#8221; hover_enabled=&#8221;0&#8243; custom_css_free_form=&#8221;#div_style{||  display:flex!important;||  flex-direction:row;||  justify-content:space-between;||  align-content:flex-start;||  align-items:flex-start;||  background-image: url(&#8216;https:\/\/storytic.upf.edu\/wp-content\/uploads\/2024\/06\/cuaderno_lavadora.png&#8217;);||  background-repeat: no-repeat;||  background-size: cover;||  width: 590px!important;||  height: 460px!important;||  padding-top:30px;||}||#text_style{||  font-family: &#8216;Montserrat&#8217;, Helvetica, Arial, Lucida, sans-serif;||  color: #1a554e !important;||  font-size: 12.5px;||  font-weight: bold;||  height: auto!important;||}||#col_left{||  padding-left: 40px;||  width: 245px!important;||}||#col_right{||  padding-right: 40px;||  width: 245px!important;||}||@media (min-width: 768px) and (max-width: 980px) {||  #div_style{||  margin-left:auto!important;||  margin-right:auto!important;||}||}&#8221; locked=&#8221;off&#8221; global_colors_info=&#8221;{}&#8221; sticky_enabled=&#8221;0&#8243;]<\/p>\n<div id=\"div_style\">\n<div id=\"col_left\">\n<p id=\"text_style\">Estaba bien tranquila comiendo un helado y sin querer, \u00a1se me cay\u00f3 todo el helado encima!<\/p>\n<\/div>\n<div id=\"col_right\">\n<p id=\"text_style\">Me puse muy triste porque se me hab\u00eda ca\u00eddo el helado y porque llevaba mi camisa favorita, \u00a1mira qu\u00e9 mancha!<\/p>\n<p id=\"text_style\">Intent\u00e9 quitar la mancha con una servilleta, \u00a1pero no se iba! As\u00ed que pens\u00e9 qu\u00e9 pod\u00eda hacer. \u00a1Puse la camisa en la lavadora!<\/p>\n<p id=\"text_style\">\u00a1Al final, la camisa sali\u00f3 bien limpia! \u00a1Qu\u00e9 contenta me puse, ya pod\u00eda volver a llevar mi camisa favorita!<\/p>\n<\/div>\n<\/div>\n<p>[\/et_pb_text][et_pb_code admin_label=&#8221;Code&#8221; _builder_version=&#8221;4.23.4&#8243; _module_preset=&#8221;default&#8221; locked=&#8221;off&#8221; global_colors_info=&#8221;{}&#8221;]<script type=\"text\/javascript\"><!-- [et_pb_line_break_holder] -->jQuery(document).ready(function() {<!-- [et_pb_line_break_holder] -->jQuery('.rv-button').click(function(e){<!-- [et_pb_line_break_holder] -->e.preventDefault();jQuery(\"#reveal\").slideToggle();jQuery(\"#reveal2\").slideToggle();<!-- [et_pb_line_break_holder] -->jQuery('.rv-button').toggleClass('opened closed');<!-- [et_pb_line_break_holder] -->});<!-- [et_pb_line_break_holder] -->});<!-- [et_pb_line_break_holder] --><!-- [et_pb_line_break_holder] -->jQuery('.rv-button2').click(function(e2){<!-- [et_pb_line_break_holder] -->e2.preventDefault();jQuery(\"#reveal_docent\").slideToggle();jQuery(\"#reveal_docent2\").slideToggle();<!-- [et_pb_line_break_holder] -->jQuery('.rv-button2').toggleClass('opened closed');<!-- [et_pb_line_break_holder] -->});<!-- [et_pb_line_break_holder] --><\/script>[\/et_pb_code][\/et_pb_column][et_pb_column type=&#8221;1_3&#8243; _builder_version=&#8221;4.23.4&#8243; _module_preset=&#8221;default&#8221; global_colors_info=&#8221;{}&#8221;][\/et_pb_column][\/et_pb_row][et_pb_row column_structure=&#8221;1_6,1_6,1_6,1_6,1_6,1_6&#8243; _builder_version=&#8221;4.23.4&#8243; _module_preset=&#8221;default&#8221; positioning=&#8221;fixed&#8221; position_origin_f=&#8221;bottom_center&#8221; z_index=&#8221;20&#8243; width=&#8221;90%&#8221; max_width=&#8221;2560px&#8221; height=&#8221;60px&#8221; custom_margin=&#8221;||20px||false|false&#8221; custom_padding=&#8221;3px|15px|0px||false|false&#8221; locked=&#8221;off&#8221; global_colors_info=&#8221;{}&#8221;][et_pb_column type=&#8221;1_6&#8243; _builder_version=&#8221;4.23.4&#8243; _module_preset=&#8221;default&#8221; global_colors_info=&#8221;{}&#8221;][et_pb_icon font_icon=&#8221;&#x34;||divi||400&#8243; icon_color=&#8221;#fadc50&#8243; icon_width=&#8221;32px&#8221; url=&#8221;https:\/\/storytic.upf.edu\/aula-sessio-3-contacontes\/aula-sessio-3-contacontes-01\/&#8221; _builder_version=&#8221;4.23.4&#8243; _module_preset=&#8221;default&#8221; background_color=&#8221;#1a554e&#8221; custom_padding=&#8221;10px|20px|10px|15px|true|false&#8221; border_radii=&#8221;on|10px|10px|10px|10px&#8221; global_colors_info=&#8221;{}&#8221;][\/et_pb_icon][\/et_pb_column][et_pb_column type=&#8221;1_6&#8243; disabled_on=&#8221;off|on|off&#8221; _builder_version=&#8221;4.23.4&#8243; _module_preset=&#8221;default&#8221; global_colors_info=&#8221;{}&#8221;][\/et_pb_column][et_pb_column type=&#8221;1_6&#8243; disabled_on=&#8221;off|on|off&#8221; _builder_version=&#8221;4.23.4&#8243; _module_preset=&#8221;default&#8221; global_colors_info=&#8221;{}&#8221;][\/et_pb_column][et_pb_column type=&#8221;1_6&#8243; disabled_on=&#8221;off|on|off&#8221; _builder_version=&#8221;4.23.4&#8243; _module_preset=&#8221;default&#8221; global_colors_info=&#8221;{}&#8221;][\/et_pb_column][et_pb_column type=&#8221;1_6&#8243; _builder_version=&#8221;4.23.4&#8243; _module_preset=&#8221;default&#8221; global_colors_info=&#8221;{}&#8221;][et_pb_icon font_icon=&#8221;&#x34;||divi||400&#8243; icon_color=&#8221;RGBA(255,255,255,0)&#8221; icon_width=&#8221;32px&#8221; _builder_version=&#8221;4.23.4&#8243; _module_preset=&#8221;default&#8221; background_color=&#8221;RGBA(255,255,255,0)&#8221; custom_padding=&#8221;10px|20px|10px|15px|true|false&#8221; border_radii=&#8221;on|10px|10px|10px|10px&#8221; locked=&#8221;off&#8221; global_colors_info=&#8221;{}&#8221;][\/et_pb_icon][\/et_pb_column][et_pb_column type=&#8221;1_6&#8243; _builder_version=&#8221;4.23.4&#8243; _module_preset=&#8221;default&#8221; global_colors_info=&#8221;{}&#8221;][et_pb_button button_url=&#8221;https:\/\/storytic.upf.edu\/aula-sessio-3-histories\/aula-sessio-3-historia-02\/&#8221; button_text=&#8221;Seg\u00fcent&#8221; button_alignment=&#8221;right&#8221; _builder_version=&#8221;4.23.4&#8243; _module_preset=&#8221;default&#8221; custom_button=&#8221;on&#8221; button_text_color=&#8221;#fadc50&#8243; button_bg_color=&#8221;#1a554e&#8221; button_border_width=&#8221;0px&#8221; button_border_radius=&#8221;10px&#8221; button_font=&#8221;|||on|on|||RGBA(255,255,255,0)|&#8221; button_use_icon=&#8221;off&#8221; background_layout=&#8221;dark&#8221; custom_padding=&#8221;10px|50px|10px|50px|true|true&#8221; locked=&#8221;off&#8221; global_colors_info=&#8221;{}&#8221; button_bg_color__hover_enabled=&#8221;on|desktop&#8221; button_bg_color__hover=&#8221;#216860&#8243; button_bg_enable_color__hover=&#8221;on&#8221;][\/et_pb_button][\/et_pb_column][\/et_pb_row][\/et_pb_section]<\/p>","protected":false},"excerpt":{"rendered":"<p>x Ara us explicar\u00e9 una hist\u00f2ria que em va passar i que s&#8217;assembla molt a la d\u2019en Meloix. Llegeix la hist\u00f2ria de la llibreta o explica\u2019n una altra de similar. Estava ben tranquilla menjant-me un gelat i sense voler, em va caure tot el gelat a sobre! Quin desastre! Em vaig posar molt trista perqu\u00e8 [&hellip;]<\/p>","protected":false},"author":3,"featured_media":0,"parent":6739,"menu_order":0,"comment_status":"closed","ping_status":"closed","template":"","meta":{"_et_pb_use_builder":"on","_et_pb_old_content":"","_et_gb_content_width":"","footnotes":""},"class_list":["post-6741","page","type-page","status-publish","hentry"],"_links":{"self":[{"href":"https:\/\/storytic.upf.edu\/es\/wp-json\/wp\/v2\/pages\/6741","targetHints":{"allow":["GET"]}}],"collection":[{"href":"https:\/\/storytic.upf.edu\/es\/wp-json\/wp\/v2\/pages"}],"about":[{"href":"https:\/\/storytic.upf.edu\/es\/wp-json\/wp\/v2\/types\/page"}],"author":[{"embeddable":true,"href":"https:\/\/storytic.upf.edu\/es\/wp-json\/wp\/v2\/users\/3"}],"replies":[{"embeddable":true,"href":"https:\/\/storytic.upf.edu\/es\/wp-json\/wp\/v2\/comments?post=6741"}],"version-history":[{"count":11,"href":"https:\/\/storytic.upf.edu\/es\/wp-json\/wp\/v2\/pages\/6741\/revisions"}],"predecessor-version":[{"id":7272,"href":"https:\/\/storytic.upf.edu\/es\/wp-json\/wp\/v2\/pages\/6741\/revisions\/7272"}],"up":[{"embeddable":true,"href":"https:\/\/storytic.upf.edu\/es\/wp-json\/wp\/v2\/pages\/6739"}],"wp:attachment":[{"href":"https:\/\/storytic.upf.edu\/es\/wp-json\/wp\/v2\/media?parent=6741"}],"curies":[{"name":"wp","href":"https:\/\/api.w.org\/{rel}","templated":true}]}}