{"id":9708,"date":"2024-08-11T13:06:32","date_gmt":"2024-08-11T13:06:32","guid":{"rendered":"https:\/\/storytic.upf.edu\/?page_id=9708"},"modified":"2024-12-03T13:13:28","modified_gmt":"2024-12-03T13:13:28","slug":"aula-sessio-9-final-01","status":"publish","type":"page","link":"https:\/\/storytic.upf.edu\/es\/aula-sessio-9-final\/aula-sessio-9-final-01\/","title":{"rendered":"AULA \u2013 SESSI\u00d3 9 \u2013 FINAL 01"},"content":{"rendered":"<p>[et_pb_section fb_built=&#8221;1&#8243; module_class=&#8221;no_docent_header_on_tablet&#8221; _builder_version=&#8221;4.23.4&#8243; _module_preset=&#8221;default&#8221; background_color=&#8221;#fadc50&#8243; use_background_color_gradient=&#8221;on&#8221; background_color_gradient_stops=&#8221;#ffffff 0%|#fadc50 81%|#fadc50 100%&#8221; min_height=&#8221;966.5px&#8221; height=&#8221;1253px&#8221; custom_padding=&#8221;30px||||false|false&#8221; custom_css_free_form=&#8221;@media all and (min-width: 768px) and (max-width: 1024px) {||.no_docent_header_on_tablet  {||  padding-top:56px!important;||}||}&#8221; collapsed=&#8221;off&#8221; global_colors_info=&#8221;{}&#8221;][et_pb_row column_structure=&#8221;1_5,3_5,1_5&#8243; _builder_version=&#8221;4.23.4&#8243; _module_preset=&#8221;default&#8221; z_index=&#8221;5&#8243; width=&#8221;100%&#8221; max_width=&#8221;2560px&#8221; module_alignment=&#8221;center&#8221; height=&#8221;60px&#8221; custom_margin=&#8221;0px|0px|0px|0px|true|true&#8221; custom_padding=&#8221;33px|0px|33px|0px|true|true&#8221; global_colors_info=&#8221;{}&#8221;][et_pb_column type=&#8221;1_5&#8243; _builder_version=&#8221;4.23.4&#8243; _module_preset=&#8221;default&#8221; global_colors_info=&#8221;{}&#8221;][et_pb_blurb title=&#8221;DOCENT&#8221; image=&#8221;https:\/\/storytic.upf.edu\/wp-content\/uploads\/2024\/03\/ic-docent-terapeuta-1-1.png&#8221; icon_placement=&#8221;left&#8221; image_icon_width=&#8221;80px&#8221; content_max_width_tablet=&#8221;100%&#8221; content_max_width_phone=&#8221;100%&#8221; content_max_width_last_edited=&#8221;on|tablet&#8221; admin_label=&#8221;Blurb&#8221; _builder_version=&#8221;4.23.4&#8243; _module_preset=&#8221;default&#8221; header_font=&#8221;|||on|||||&#8221; header_text_align=&#8221;left&#8221; header_text_color=&#8221;#1C7393&#8243; header_font_size=&#8221;22px&#8221; body_font=&#8221;Montserrat||||||||&#8221; body_text_align=&#8221;left&#8221; body_text_color=&#8221;#FADC50&#8243; body_font_size=&#8221;20px&#8221; image_icon_custom_margin=&#8221;-20px||||false|false&#8221; image_icon_custom_padding=&#8221;||||false|false&#8221; positioning=&#8221;absolute&#8221; z_index=&#8221;12&#8243; position_origin_a_tablet=&#8221;&#8221; position_origin_a_phone=&#8221;&#8221; position_origin_a_last_edited=&#8221;on|desktop&#8221; position_origin_f_tablet=&#8221;&#8221; position_origin_f_phone=&#8221;&#8221; position_origin_f_last_edited=&#8221;on|desktop&#8221; position_origin_r_tablet=&#8221;&#8221; position_origin_r_phone=&#8221;&#8221; position_origin_r_last_edited=&#8221;on|desktop&#8221; width=&#8221;100%&#8221; custom_margin=&#8221;|||10px|false|false&#8221; positioning_tablet=&#8221;none&#8221; positioning_phone=&#8221;none&#8221; positioning_last_edited=&#8221;on|tablet&#8221; custom_css_free_form=&#8221;.caja_1 {||  background-color: #1C7393;||  padding: 15px 20px 15px 20px;||  margin-top: -10px;||  margin-left: -76px;||  border-radius:15px;||  width: 250px;||  z-index: 1;||}||@media all and (min-width: 2000px) {|| .caja_1 {||  background-color: #1C7393;||  padding: 15px 20px 15px 20px;||  margin-top: -10px;||  margin-left: -76px;||  border-radius:15px;||  width: 120%;||  z-index: 1;||}||  .scrollable_text{||   font-size: 25px!important;||  }||}||.scrollable_text{||   font-size: 20px!important;||}||@media all and (min-width: 1024px) and (max-width: 1366px) {|| .caja_1 {||  background-color: #1C7393;||  padding: 15px 20px 15px 20px;||  margin-top: -10px;||  margin-left: -76px;||  border-radius:15px;||  width: 220px!important;||  z-index: 1;||}||  .scrollable_text{||   font-size: 16px!important;||  }||}||@media all and (max-width: 980px) {|| .caja_1 {||  background-color: #1C7393;||  padding: 15px 20px 15px 20px;||  margin-top: -10px;||  margin-left: -76px;||  border-radius:15px;||  width: 90%;||  z-index: 1;||}||  .scrollable_text{||   font-size: 16px!important;||  }||}||close-button-white{||  margin-bottom:10px!important;||  margin-right:5px!important; ||  padding:0px!important;||  color:#ffffff!important;||}&#8221; locked=&#8221;off&#8221; global_colors_info=&#8221;{}&#8221;]<\/p>\n<div id=\"reveal_docent\" class=\"caja_1\">\n<p class=\"rv-button2 opened close-button-white\" style=\"text-align: right; padding: 0px!important;\"><span style=\"color: #ffffff;\">x<\/span><\/p>\n<div class=\"scrollable_text\">\n<p style=\"color: #ffffff;\">Sesi\u00f3n finalizada.<\/p>\n<p style=\"color: #ffffff;\">Si lo deseas, tambi\u00e9n puedes realizar actividades de evaluaci\u00f3n complementaria.<\/p>\n<p style=\"color: #ffffff;\">Puedes descargar la hoja de respuesta que encontrar\u00e1s a la derecha.<\/p>\n<\/div>\n<\/div>\n<p>[\/et_pb_blurb][\/et_pb_column][et_pb_column type=&#8221;3_5&#8243; _builder_version=&#8221;4.23.4&#8243; _module_preset=&#8221;default&#8221; global_colors_info=&#8221;{}&#8221;][et_pb_heading title=&#8221;Fi de la sessi\u00f3&#8221; module_id=&#8221;final_header&#8221; _builder_version=&#8221;4.23.4&#8243; _module_preset=&#8221;default&#8221; title_level=&#8221;h2&#8243; title_font=&#8221;|||on|||||&#8221; title_text_align=&#8221;center&#8221; title_text_color=&#8221;#1a554e&#8221; title_font_size=&#8221;24px&#8221; custom_margin=&#8221;0px|0px|0px|0px|true|true&#8221; custom_padding=&#8221;0px|0px|0px|0px|true|true&#8221; custom_css_free_form=&#8221;@media all and (min-width: 1260px) {||#final_header {||    margin-top: 15px!important;||}||}&#8221; global_colors_info=&#8221;{}&#8221;][\/et_pb_heading][\/et_pb_column][et_pb_column type=&#8221;1_5&#8243; _builder_version=&#8221;4.23.4&#8243; _module_preset=&#8221;default&#8221; global_colors_info=&#8221;{}&#8221;][\/et_pb_column][\/et_pb_row][et_pb_row column_structure=&#8221;1_4,1_4,1_4,1_4&#8243; use_custom_gutter=&#8221;on&#8221; gutter_width=&#8221;2&#8243; make_equal=&#8221;on&#8221; _builder_version=&#8221;4.23.4&#8243; _module_preset=&#8221;default&#8221; z_index=&#8221;1&#8243; width=&#8221;100%&#8221; max_width=&#8221;2560px&#8221; custom_css_free_form=&#8221;.et_pb_row_1.et_pb_row {||    padding-top: 3px!important;||    padding-left: 30px!important;||    padding-right: 0px!important;||    padding-bottom: 0px!important;||    margin-bottom: 20px!important;||}&#8221; global_colors_info=&#8221;{}&#8221;][et_pb_column type=&#8221;1_4&#8243; _builder_version=&#8221;4.23.4&#8243; _module_preset=&#8221;default&#8221; global_colors_info=&#8221;{}&#8221;][\/et_pb_column][et_pb_column type=&#8221;1_4&#8243; _builder_version=&#8221;4.23.4&#8243; _module_preset=&#8221;default&#8221; custom_padding=&#8221;||||false|false&#8221; custom_css_free_form=&#8221;@media all and (min-width: 1024px) and (max-width: 1200px) {||    .et_pb_column_4{||    min-width: 28%!important;||    max-width: 30%!important;||  }||}&#8221; global_colors_info=&#8221;{}&#8221;][et_pb_blurb title=&#8221;En Meloix i l\u2019autob\u00fas &#8211; 3 sessions&#8221; icon_placement=&#8221;left&#8221; admin_label=&#8221;Blurb&#8221; _builder_version=&#8221;4.23.4&#8243; _module_preset=&#8221;default&#8221; header_font=&#8221;Montserrat||||||||&#8221; header_text_color=&#8221;#1A554E&#8221; body_font=&#8221;Montserrat||||||||&#8221; body_text_align=&#8221;left&#8221; body_text_color=&#8221;#1A554E&#8221; body_font_size=&#8221;20px&#8221; body_line_height=&#8221;1em&#8221; body_ul_type=&#8221;none&#8221; body_ul_item_indent=&#8221;22px&#8221; background_color=&#8221;#D8DCC4&#8243; module_alignment=&#8221;center&#8221; custom_padding=&#8221;20px|10px|20px|10px|true|true&#8221; hover_enabled=&#8221;0&#8243; custom_css_free_form=&#8221;.checked {||  list-style: square inside url(%22https:\/\/storytic.upf.edu\/wp-content\/uploads\/2024\/04\/chec_24.png%22);||  margin-top:5px;||  font-size: 16px;||  text-indent:-20px;||}||.unchecked {||   list-style: square inside url(%22https:\/\/storytic.upf.edu\/wp-content\/uploads\/2024\/04\/chec_24_semitransparent.png%22);||  \tmargin-top:5px;||    font-size: 16px;||    text-indent:-20px;||} ||.checked_list{||  margin-bottom: 0px!important;||  padding-bottom: 0px!important;||}||.button_style {||  font-size: 16px;||\tcolor:#fadc50;||  font-family:&#8217;Montserrat&#8217;;||  font-weight:500;||  text-transform: uppercase;||  text-decoration: none!important;||  text-decoration-color: transparent;||}||.button_wrapper{||  width:240px!important;||  background-color: #1a554e;||  border-radius: 15px!important;||  padding: 15px 30px;||  text-align: center;||}||@media all and (min-width: 768px) and (max-width: 1023px) {||  .et_pb_blurb_1 {||    max-width: 300px!important;||  }||  .et_pb_column_7{||    max-width: 50%!important;||  }||}&#8221; border_radii=&#8221;on|20px|20px|20px|20px&#8221; border_color_all=&#8221;RGBA(255,255,255,0)&#8221; locked=&#8221;off&#8221; global_colors_info=&#8221;{}&#8221; sticky_enabled=&#8221;0&#8243;]<\/p>\n<ul class=\"checked_list\">\n<li class=\"checked\"><span>Sesi\u00f3n 7. <strong>Realizada<\/strong><\/span><\/li>\n<li class=\"checked\"><span style=\"opacity: 1.0!important;\">Sesi\u00f3n 8. <strong>Realizada<\/strong><\/span><\/li>\n<li class=\"checked\"><span>Sesi\u00f3n 9. <strong>Realizada<\/strong><\/span><\/li>\n<\/ul>\n<p><a class=\"button_style\" href=\"https:\/\/storytic.upf.edu\/es\/storytic-a-laula\/\"><\/p>\n<div class=\"button_wrapper\"><span class=\"button_style\">Salir de la sesi\u00f3n<\/span><\/div>\n<p><\/a>[\/et_pb_blurb][\/et_pb_column][et_pb_column type=&#8221;1_4&#8243; _builder_version=&#8221;4.23.4&#8243; _module_preset=&#8221;default&#8221; custom_css_free_form=&#8221;@media all and (min-width: 1024px) and (max-width: 1200px) {||    .et_pb_column_5{||    min-width: 28%!important;||    max-width: 30%!important;||  }||}&#8221; global_colors_info=&#8221;{}&#8221;][et_pb_blurb title=&#8221;Avaluaci\u00f3 d&#8217;aquesta sessi\u00f3&#8221; _builder_version=&#8221;4.23.4&#8243; _module_preset=&#8221;default&#8221; header_text_color=&#8221;#1A554E&#8221; body_font=&#8221;Montserrat||||||||&#8221; body_text_color=&#8221;#1A554E&#8221; background_color=&#8221;#ffffff&#8221; custom_padding=&#8221;20px|20px|20px|20px|true|true&#8221; hover_enabled=&#8221;0&#8243; custom_css_free_form=&#8221;.download {||  margin-top:25px;||  display: flex; ||  justify-content: flex-start;||  align-items: flex-start;||}||.doc_details {||  display: flex; ||\talign-items: flex-start;||  justify-content: center;||  flex-direction: column;||  padding-left: 10px;||}||.doc_description {||  font-weight: 700;||  padding-bottom: 0px!important;||  margin-bottom: 0px!important;||}||||.link_style {||  color: #1A554E;||}||||.rv-button3, .rv-button {||    text-decoration: underline;||    cursor: pointer;||  \tfont-size: 14px;||}||.button_wrapper2{||  width:237px!important;||  background-color: #1a554e;||  border-radius: 15px!important;||  padding: 15px 30px;||  text-align: center;||}||@media all and (min-width: 768px) and (max-width: 1023px) {||  .et_pb_blurb_2 {||    max-width: 300px!important;||  }||  .et_pb_column_8{||    max-width: 50%!important;||  }||}&#8221; border_radii=&#8221;on|20px|20px|20px|20px&#8221; border_color_all=&#8221;RGBA(255,255,255,0)&#8221; global_colors_info=&#8221;{}&#8221; sticky_enabled=&#8221;0&#8243;]<\/p>\n<div>Si quieres realizar juegos y actividades complementarias a nivel de aula o individual, clica en el bot\u00f3n de abajo.<\/div>\n<p><span class=\"rv-button closed\">M\u00e1s informaci\u00f3n<\/span><\/p>\n<div id=\"reveal\">En estas medidas de aprendizaje encontrar\u00e1s tres pruebas diferentes para evaluar la comprensi\u00f3n y la producci\u00f3n narrativa del ni\u00f1o o ni\u00f1a:<\/p>\n<ol>\n<li>La primera prueba consiste en ordenar correctamente la secuencia de im\u00e1genes trabajada durante la sesi\u00f3n de intervenci\u00f3n.<\/li>\n<li>La segunda prueba consiste en que el ni\u00f1o o ni\u00f1a vuelva a contar toda la historia que se ha trabajado.<\/li>\n<li>La tercera prueba trata de formular preguntas sobre los elementos narrativos trabajados durante la sesi\u00f3n. En esta tercera prueba, las preguntas se pueden formular con diferentes soportes (pregunta abierta, pregunta con 2 opciones o pregunta con 2 opciones m\u00e1s soporte visual), en funci\u00f3n de la necesidad del ni\u00f1o o ni\u00f1a.<\/li>\n<\/ol>\n<\/div>\n<div><a class=\"button_style\" href=\"https:\/\/storytic.upf.edu\/es\/avaluacio-sessio-9-presentacio\/avaluacio-sessio-9-presentacio-01\/\"><\/p>\n<div class=\"button_wrapper2\"><span class=\"button_style\">Iniciar evaluaci\u00f3n<\/span><\/div>\n<p><\/a><\/div>\n<div class=\"download\">\n<img decoding=\"async\" src=\"https:\/\/storytic.upf.edu\/wp-content\/uploads\/2024\/03\/ic-descarga-archivo@2x.png\" height=\"61px\" width=\"47px\" alt=\"Full de responsta individual\" \/><\/p>\n<div class=\"doc_details\">\n<div><span class=\"doc_description\">Hoja de respuesta individual<\/span><\/div>\n<div><span style=\"text-decoration: underline;\"> <a href=\"https:\/\/storytic.upf.edu\/wp-content\/uploads\/2024\/07\/sessio-u_9.docx\" download=\"sessio u_9\" class=\"link_style\">Descargar<\/a><\/span><\/div>\n<div><span class=\"rv-button3 closed\">\u00bfQu\u00e9 es?<\/span><\/div>\n<div id=\"reveal_que_es\"><strong>Hoja de respuesta<\/strong><br \/>\nEn esta hoja puedes registrar las respuestas para realizar un seguimiento de las actividades de evaluaci\u00f3n complementarias.<\/div>\n<\/div>\n<\/div>\n<p>[\/et_pb_blurb][et_pb_code admin_label=&#8221;Code&#8221; _builder_version=&#8221;4.23.4&#8243; _module_preset=&#8221;default&#8221; global_colors_info=&#8221;{}&#8221;]<script type=\"text\/javascript\"><!-- [et_pb_line_break_holder] -->jQuery(document).ready(function() {<!-- [et_pb_line_break_holder] -->jQuery('#reveal').hide();<!-- [et_pb_line_break_holder] -->jQuery('#reveal_que_es').hide();<!-- [et_pb_line_break_holder] -->jQuery('.rv-button').click(function(e){<!-- [et_pb_line_break_holder] -->e.preventDefault();jQuery(\"#reveal\").slideToggle();jQuery(\"#reveal2\").slideToggle();<!-- [et_pb_line_break_holder] -->jQuery('.rv-button').toggleClass('opened closed');<!-- [et_pb_line_break_holder] -->});<!-- [et_pb_line_break_holder] -->});<!-- [et_pb_line_break_holder] -->  <!-- [et_pb_line_break_holder] -->jQuery('.rv-button2').click(function(e2){<!-- [et_pb_line_break_holder] -->e2.preventDefault();jQuery(\"#reveal_docent\").slideToggle();<!-- [et_pb_line_break_holder] -->jQuery('.rv-button2').toggleClass('opened closed');<!-- [et_pb_line_break_holder] -->});<!-- [et_pb_line_break_holder] --><!-- [et_pb_line_break_holder] -->jQuery('.rv-button3').click(function(e3){<!-- [et_pb_line_break_holder] -->e3.preventDefault();jQuery(\"#reveal_que_es\").slideToggle();<!-- [et_pb_line_break_holder] -->jQuery('.rv-button3').toggleClass('opened closed');<!-- [et_pb_line_break_holder] -->});<!-- [et_pb_line_break_holder] --><\/script>[\/et_pb_code][\/et_pb_column][et_pb_column type=&#8221;1_4&#8243; disabled_on=&#8221;off|on|off&#8221; _builder_version=&#8221;4.23.4&#8243; _module_preset=&#8221;default&#8221; custom_css_free_form=&#8221;@media all and (min-width: 1024px) and (max-width: 1200px) {||    .et_pb_column_6{||    max-width: 10%!important;||  }||}&#8221; global_colors_info=&#8221;{}&#8221;][\/et_pb_column][\/et_pb_row][et_pb_row column_structure=&#8221;1_6,1_6,1_6,1_6,1_6,1_6&#8243; _builder_version=&#8221;4.23.4&#8243; _module_preset=&#8221;default&#8221; positioning=&#8221;fixed&#8221; position_origin_f=&#8221;bottom_center&#8221; z_index=&#8221;20&#8243; width=&#8221;90%&#8221; max_width=&#8221;2560px&#8221; height=&#8221;60px&#8221; custom_margin=&#8221;||20px||false|false&#8221; custom_padding=&#8221;3px|15px|0px||false|false&#8221; locked=&#8221;off&#8221; global_colors_info=&#8221;{}&#8221;][et_pb_column type=&#8221;1_6&#8243; _builder_version=&#8221;4.23.4&#8243; _module_preset=&#8221;default&#8221; global_colors_info=&#8221;{}&#8221;][et_pb_icon font_icon=&#8221;&#x34;||divi||400&#8243; icon_color=&#8221;#fadc50&#8243; icon_width=&#8221;32px&#8221; url=&#8221;https:\/\/storytic.upf.edu\/aula-sessio-9-histories\/aula-sessio-9-historia-02\/&#8221; _builder_version=&#8221;4.23.4&#8243; _module_preset=&#8221;default&#8221; background_color=&#8221;#1a554e&#8221; custom_padding=&#8221;10px|20px|10px|15px|true|false&#8221; border_radii=&#8221;on|10px|10px|10px|10px&#8221; global_colors_info=&#8221;{}&#8221;][\/et_pb_icon][\/et_pb_column][et_pb_column type=&#8221;1_6&#8243; disabled_on=&#8221;off|on|off&#8221; _builder_version=&#8221;4.23.4&#8243; _module_preset=&#8221;default&#8221; global_colors_info=&#8221;{}&#8221;][\/et_pb_column][et_pb_column type=&#8221;1_6&#8243; disabled_on=&#8221;off|on|off&#8221; _builder_version=&#8221;4.23.4&#8243; _module_preset=&#8221;default&#8221; global_colors_info=&#8221;{}&#8221;][\/et_pb_column][et_pb_column type=&#8221;1_6&#8243; disabled_on=&#8221;off|on|off&#8221; _builder_version=&#8221;4.23.4&#8243; _module_preset=&#8221;default&#8221; global_colors_info=&#8221;{}&#8221;][\/et_pb_column][et_pb_column type=&#8221;1_6&#8243; _builder_version=&#8221;4.23.4&#8243; _module_preset=&#8221;default&#8221; global_colors_info=&#8221;{}&#8221;][et_pb_icon font_icon=&#8221;&#x34;||divi||400&#8243; icon_color=&#8221;RGBA(255,255,255,0)&#8221; icon_width=&#8221;32px&#8221; _builder_version=&#8221;4.23.4&#8243; _module_preset=&#8221;default&#8221; background_color=&#8221;RGBA(255,255,255,0)&#8221; custom_padding=&#8221;10px|20px|10px|15px|true|false&#8221; border_radii=&#8221;on|10px|10px|10px|10px&#8221; locked=&#8221;off&#8221; global_colors_info=&#8221;{}&#8221;][\/et_pb_icon][\/et_pb_column][et_pb_column type=&#8221;1_6&#8243; _builder_version=&#8221;4.23.4&#8243; _module_preset=&#8221;default&#8221; global_colors_info=&#8221;{}&#8221;][et_pb_icon font_icon=&#8221;&#x34;||divi||400&#8243; icon_color=&#8221;RGBA(255,255,255,0)&#8221; icon_width=&#8221;32px&#8221; _builder_version=&#8221;4.23.4&#8243; _module_preset=&#8221;default&#8221; background_color=&#8221;RGBA(255,255,255,0)&#8221; custom_padding=&#8221;10px|20px|10px|15px|true|false&#8221; border_radii=&#8221;on|10px|10px|10px|10px&#8221; locked=&#8221;off&#8221; global_colors_info=&#8221;{}&#8221;][\/et_pb_icon][\/et_pb_column][\/et_pb_row][\/et_pb_section]<\/p>","protected":false},"excerpt":{"rendered":"<p>x Sessi\u00f3 finalitzada. Si vols, tamb\u00e9 pots fer activitats d&#8217;avaluaci\u00f3 complement\u00e0ria. Pots descarregar el full de resposta que trobar\u00e0s a la dreta. Sessi\u00f3 7. Realitzada Sessi\u00f3 8. Realitzada Sessi\u00f3 9. Realitzada Sortir de la sessi\u00f3Si vols fer jocs i activitats complementaris a nivell d&#8217;aula o individual, clica al bot\u00f3 de sota. M\u00e9s informaci\u00f3 En aquestes [&hellip;]<\/p>","protected":false},"author":3,"featured_media":0,"parent":9688,"menu_order":0,"comment_status":"closed","ping_status":"closed","template":"","meta":{"_et_pb_use_builder":"on","_et_pb_old_content":"","_et_gb_content_width":"","footnotes":""},"class_list":["post-9708","page","type-page","status-publish","hentry"],"_links":{"self":[{"href":"https:\/\/storytic.upf.edu\/es\/wp-json\/wp\/v2\/pages\/9708","targetHints":{"allow":["GET"]}}],"collection":[{"href":"https:\/\/storytic.upf.edu\/es\/wp-json\/wp\/v2\/pages"}],"about":[{"href":"https:\/\/storytic.upf.edu\/es\/wp-json\/wp\/v2\/types\/page"}],"author":[{"embeddable":true,"href":"https:\/\/storytic.upf.edu\/es\/wp-json\/wp\/v2\/users\/3"}],"replies":[{"embeddable":true,"href":"https:\/\/storytic.upf.edu\/es\/wp-json\/wp\/v2\/comments?post=9708"}],"version-history":[{"count":5,"href":"https:\/\/storytic.upf.edu\/es\/wp-json\/wp\/v2\/pages\/9708\/revisions"}],"predecessor-version":[{"id":10609,"href":"https:\/\/storytic.upf.edu\/es\/wp-json\/wp\/v2\/pages\/9708\/revisions\/10609"}],"up":[{"embeddable":true,"href":"https:\/\/storytic.upf.edu\/es\/wp-json\/wp\/v2\/pages\/9688"}],"wp:attachment":[{"href":"https:\/\/storytic.upf.edu\/es\/wp-json\/wp\/v2\/media?parent=9708"}],"curies":[{"name":"wp","href":"https:\/\/api.w.org\/{rel}","templated":true}]}}